{"id":775,"date":"2022-03-15T21:19:51","date_gmt":"2022-03-15T20:19:51","guid":{"rendered":"http:\/\/ets-lescure.fr\/?page_id=775"},"modified":"2025-03-03T14:20:31","modified_gmt":"2025-03-03T13:20:31","slug":"contact","status":"publish","type":"page","link":"https:\/\/www.ets-lescure.fr\/index.php\/contact\/","title":{"rendered":"Contact"},"content":{"rendered":"\t\t<div data-elementor-type=\"wp-page\" data-elementor-id=\"775\" class=\"elementor elementor-775\" data-elementor-post-type=\"page\">\n\t\t\t\t\t\t<section class=\"elementor-section elementor-top-section elementor-element elementor-element-620c38b elementor-section-content-middle elementor-section-boxed elementor-section-height-default elementor-section-height-default\" data-id=\"620c38b\" data-element_type=\"section\" data-e-type=\"section\">\n\t\t\t\t\t\t<div class=\"elementor-container elementor-column-gap-default\">\n\t\t\t\t\t<div class=\"elementor-column elementor-col-100 elementor-top-column elementor-element elementor-element-4a2b65e\" data-id=\"4a2b65e\" data-element_type=\"column\" data-e-type=\"column\">\n\t\t\t<div class=\"elementor-widget-wrap elementor-element-populated\">\n\t\t\t\t\t\t<div class=\"elementor-element elementor-element-8a6e09b elementor-widget elementor-widget-heading\" data-id=\"8a6e09b\" data-element_type=\"widget\" data-e-type=\"widget\" data-widget_type=\"heading.default\">\n\t\t\t\t<div class=\"elementor-widget-container\">\n\t\t\t\t\t<h1 class=\"elementor-heading-title elementor-size-default\">Prise de contact<\/h1>\t\t\t\t<\/div>\n\t\t\t\t<\/div>\n\t\t\t\t\t<\/div>\n\t\t<\/div>\n\t\t\t\t\t<\/div>\n\t\t<\/section>\n\t\t\t\t<section class=\"elementor-section elementor-top-section elementor-element elementor-element-b62d35e elementor-section-height-min-height elementor-section-boxed elementor-section-height-default elementor-section-items-middle\" data-id=\"b62d35e\" data-element_type=\"section\" data-e-type=\"section\">\n\t\t\t\t\t\t\t<div class=\"elementor-background-overlay\"><\/div>\n\t\t\t\t\t\t\t<div class=\"elementor-container elementor-column-gap-default\">\n\t\t\t\t\t<div class=\"elementor-column elementor-col-50 elementor-top-column elementor-element elementor-element-f50cca6\" data-id=\"f50cca6\" data-element_type=\"column\" data-e-type=\"column\">\n\t\t\t<div class=\"elementor-widget-wrap elementor-element-populated\">\n\t\t\t\t\t\t<div class=\"elementor-element elementor-element-0cc65cc elementor-position-top elementor-widget elementor-widget-image-box\" data-id=\"0cc65cc\" data-element_type=\"widget\" data-e-type=\"widget\" data-widget_type=\"image-box.default\">\n\t\t\t\t<div class=\"elementor-widget-container\">\n\t\t\t\t\t<div class=\"elementor-image-box-wrapper\"><figure class=\"elementor-image-box-img\"><a href=\"tel:0470984242\" tabindex=\"-1\"><img decoding=\"async\" width=\"96\" height=\"96\" src=\"https:\/\/www.ets-lescure.fr\/wp-content\/uploads\/2022\/09\/icons8-clavier-numerique-96.svg\" class=\"attachment-full size-full wp-image-871\" alt=\"\" \/><\/a><\/figure><div class=\"elementor-image-box-content\"><h3 class=\"elementor-image-box-title\"><a href=\"tel:0470984242\">Par T\u00e9l\u00e9phone<\/a><\/h3><p class=\"elementor-image-box-description\"><b>0470984242<\/b><\/p><\/div><\/div>\t\t\t\t<\/div>\n\t\t\t\t<\/div>\n\t\t\t\t<div class=\"elementor-element elementor-element-1c31f88 elementor-position-top elementor-widget elementor-widget-image-box\" data-id=\"1c31f88\" data-element_type=\"widget\" data-e-type=\"widget\" data-widget_type=\"image-box.default\">\n\t\t\t\t<div class=\"elementor-widget-container\">\n\t\t\t\t\t<div class=\"elementor-image-box-wrapper\"><figure class=\"elementor-image-box-img\"><a href=\"mailto:entreprise@ets-lescure.fr\" tabindex=\"-1\"><img decoding=\"async\" width=\"96\" height=\"96\" src=\"https:\/\/www.ets-lescure.fr\/wp-content\/uploads\/2022\/09\/icons8-envoyer-un-mail-96.svg\" class=\"attachment-full size-full wp-image-873\" alt=\"\" \/><\/a><\/figure><div class=\"elementor-image-box-content\"><h3 class=\"elementor-image-box-title\"><a href=\"mailto:entreprise@ets-lescure.fr\">Par mail<\/a><\/h3><p class=\"elementor-image-box-description\">Merci d'utiliser le formulaire<\/p><\/div><\/div>\t\t\t\t<\/div>\n\t\t\t\t<\/div>\n\t\t\t\t<div class=\"elementor-element elementor-element-f02617c elementor-position-top elementor-widget elementor-widget-image-box\" data-id=\"f02617c\" data-element_type=\"widget\" data-e-type=\"widget\" data-widget_type=\"image-box.default\">\n\t\t\t\t<div class=\"elementor-widget-container\">\n\t\t\t\t\t<div class=\"elementor-image-box-wrapper\"><figure class=\"elementor-image-box-img\"><a href=\"https:\/\/goo.gl\/maps\/Dnj4Ujf99umEKSfY6\" target=\"_blank\" tabindex=\"-1\"><img decoding=\"async\" width=\"96\" height=\"96\" src=\"https:\/\/www.ets-lescure.fr\/wp-content\/uploads\/2022\/09\/icons8-marqueur-de-plan-96.svg\" class=\"attachment-full size-full wp-image-875\" alt=\"\" \/><\/a><\/figure><div class=\"elementor-image-box-content\"><h3 class=\"elementor-image-box-title\"><a href=\"https:\/\/goo.gl\/maps\/Dnj4Ujf99umEKSfY6\" target=\"_blank\">Pour nous rejoindre<\/a><\/h3><p class=\"elementor-image-box-description\">Rue Amp\u00e8re,\n03300 Cusset<\/p><\/div><\/div>\t\t\t\t<\/div>\n\t\t\t\t<\/div>\n\t\t\t\t\t<\/div>\n\t\t<\/div>\n\t\t\t\t<div class=\"elementor-column elementor-col-50 elementor-top-column elementor-element elementor-element-4c9c9e2\" data-id=\"4c9c9e2\" data-element_type=\"column\" data-e-type=\"column\">\n\t\t\t<div class=\"elementor-widget-wrap elementor-element-populated\">\n\t\t\t\t\t\t<div class=\"elementor-element elementor-element-cfa546a elementor-button-align-end elementor-widget elementor-widget-form\" data-id=\"cfa546a\" data-element_type=\"widget\" data-e-type=\"widget\" data-settings=\"{&quot;step_next_label&quot;:&quot;Suivant&quot;,&quot;step_previous_label&quot;:&quot;Pr\\u00e9c\\u00e9dent&quot;,&quot;button_width&quot;:&quot;100&quot;,&quot;step_type&quot;:&quot;number_text&quot;,&quot;step_icon_shape&quot;:&quot;circle&quot;}\" data-widget_type=\"form.default\">\n\t\t\t\t<div class=\"elementor-widget-container\">\n\t\t\t\t\t\t\t<form class=\"elementor-form\" method=\"post\" name=\"Formulaire de contact\" aria-label=\"Formulaire de contact\">\n\t\t\t<input type=\"hidden\" name=\"post_id\" value=\"775\"\/>\n\t\t\t<input type=\"hidden\" name=\"form_id\" value=\"cfa546a\"\/>\n\t\t\t<input type=\"hidden\" name=\"referer_title\" value=\"Contact - Etablissement Lescure\" \/>\n\n\t\t\t\t\t\t\t<input type=\"hidden\" name=\"queried_id\" value=\"775\"\/>\n\t\t\t\n\t\t\t<div class=\"elementor-form-fields-wrapper elementor-labels-\">\n\t\t\t\t\t\t\t\t<div class=\"elementor-field-type-text elementor-field-group elementor-column elementor-field-group-name elementor-col-100 elementor-field-required\">\n\t\t\t\t\t\t\t\t\t\t\t\t<label for=\"form-field-name\" class=\"elementor-field-label elementor-screen-only\">\n\t\t\t\t\t\t\t\tNom\t\t\t\t\t\t\t<\/label>\n\t\t\t\t\t\t\t\t\t\t\t\t\t\t<input size=\"1\" type=\"text\" name=\"form_fields[name]\" id=\"form-field-name\" class=\"elementor-field elementor-size-md  elementor-field-textual\" placeholder=\"Nom de famille\" required=\"required\">\n\t\t\t\t\t\t\t\t\t\t\t<\/div>\n\t\t\t\t\t\t\t\t<div class=\"elementor-field-type-text elementor-field-group elementor-column elementor-field-group-field_8559848 elementor-col-100 elementor-field-required\">\n\t\t\t\t\t\t\t\t\t\t\t\t<label for=\"form-field-field_8559848\" class=\"elementor-field-label elementor-screen-only\">\n\t\t\t\t\t\t\t\tPr\u00e9nom\t\t\t\t\t\t\t<\/label>\n\t\t\t\t\t\t\t\t\t\t\t\t\t\t<input size=\"1\" type=\"text\" name=\"form_fields[field_8559848]\" id=\"form-field-field_8559848\" class=\"elementor-field elementor-size-md  elementor-field-textual\" placeholder=\"Pr\u00e9nom\" required=\"required\">\n\t\t\t\t\t\t\t\t\t\t\t<\/div>\n\t\t\t\t\t\t\t\t<div class=\"elementor-field-type-tel elementor-field-group elementor-column elementor-field-group-field_f768f36 elementor-col-100\">\n\t\t\t\t\t\t\t\t\t\t\t\t<label for=\"form-field-field_f768f36\" class=\"elementor-field-label elementor-screen-only\">\n\t\t\t\t\t\t\t\tT\u00e9l\u00e9phone\t\t\t\t\t\t\t<\/label>\n\t\t\t\t\t\t\t\t<input size=\"1\" type=\"tel\" name=\"form_fields[field_f768f36]\" id=\"form-field-field_f768f36\" class=\"elementor-field elementor-size-md  elementor-field-textual\" placeholder=\"T\u00e9l\u00e9phone\" pattern=\"[0-9()#&amp;+*-=.]+\" title=\"Seuls les caract\u00e8res de num\u00e9ros de t\u00e9l\u00e9phone (#, -, *, etc.) sont accept\u00e9s.\">\n\n\t\t\t\t\t\t<\/div>\n\t\t\t\t\t\t\t\t<div class=\"elementor-field-type-email elementor-field-group elementor-column elementor-field-group-email elementor-col-100 elementor-field-required\">\n\t\t\t\t\t\t\t\t\t\t\t\t<label for=\"form-field-email\" class=\"elementor-field-label elementor-screen-only\">\n\t\t\t\t\t\t\t\tE-mail\t\t\t\t\t\t\t<\/label>\n\t\t\t\t\t\t\t\t\t\t\t\t\t\t<input size=\"1\" type=\"email\" name=\"form_fields[email]\" id=\"form-field-email\" class=\"elementor-field elementor-size-md  elementor-field-textual\" placeholder=\"E-mail\" required=\"required\">\n\t\t\t\t\t\t\t\t\t\t\t<\/div>\n\t\t\t\t\t\t\t\t<div class=\"elementor-field-type-textarea elementor-field-group elementor-column elementor-field-group-message elementor-col-100\">\n\t\t\t\t\t\t\t\t\t\t\t\t<label for=\"form-field-message\" class=\"elementor-field-label elementor-screen-only\">\n\t\t\t\t\t\t\t\tMessage\t\t\t\t\t\t\t<\/label>\n\t\t\t\t\t\t<textarea class=\"elementor-field-textual elementor-field  elementor-size-md\" name=\"form_fields[message]\" id=\"form-field-message\" rows=\"4\" placeholder=\"Message\"><\/textarea>\t\t\t\t<\/div>\n\t\t\t\t\t\t\t\t<div class=\"elementor-field-type-recaptcha elementor-field-group elementor-column elementor-field-group-field_4ba1b7f elementor-col-100\">\n\t\t\t\t\t<div class=\"elementor-field\" id=\"form-field-field_4ba1b7f\"><div class=\"elementor-g-recaptcha\" data-sitekey=\"6Le_VPshAAAAAHirR7lY6PYG8dkV0gQRSkaygFmI\" data-type=\"v2_checkbox\" data-theme=\"light\" data-size=\"normal\"><\/div><\/div>\t\t\t\t<\/div>\n\t\t\t\t\t\t\t\t<div class=\"elementor-field-type-text\">\n\t\t\t\t\t<input size=\"1\" type=\"text\" name=\"form_fields[field_dafae45]\" id=\"form-field-field_dafae45\" class=\"elementor-field elementor-size-md \" style=\"display:none !important;\">\t\t\t\t<\/div>\n\t\t\t\t\t\t\t\t<div class=\"elementor-field-group elementor-column elementor-field-type-submit elementor-col-100 e-form__buttons\">\n\t\t\t\t\t<button class=\"elementor-button elementor-size-md\" type=\"submit\">\n\t\t\t\t\t\t<span class=\"elementor-button-content-wrapper\">\n\t\t\t\t\t\t\t\t\t\t\t\t\t\t\t\t\t\t\t\t\t\t<span class=\"elementor-button-text\">Envoyer<\/span>\n\t\t\t\t\t\t\t\t\t\t\t\t\t<\/span>\n\t\t\t\t\t<\/button>\n\t\t\t\t<\/div>\n\t\t\t<\/div>\n\t\t<\/form>\n\t\t\t\t\t\t<\/div>\n\t\t\t\t<\/div>\n\t\t\t\t\t<\/div>\n\t\t<\/div>\n\t\t\t\t\t<\/div>\n\t\t<\/section>\n\t\t\t\t<section class=\"elementor-section elementor-top-section elementor-element elementor-element-19c37be elementor-section-boxed elementor-section-height-default elementor-section-height-default\" data-id=\"19c37be\" data-element_type=\"section\" data-e-type=\"section\">\n\t\t\t\t\t\t<div class=\"elementor-container elementor-column-gap-default\">\n\t\t\t\t\t<div class=\"elementor-column elementor-col-100 elementor-top-column elementor-element elementor-element-c4d5c32\" data-id=\"c4d5c32\" data-element_type=\"column\" data-e-type=\"column\">\n\t\t\t<div class=\"elementor-widget-wrap elementor-element-populated\">\n\t\t\t\t\t\t<div class=\"elementor-element elementor-element-6669b55 elementor-widget elementor-widget-spacer\" data-id=\"6669b55\" data-element_type=\"widget\" data-e-type=\"widget\" data-widget_type=\"spacer.default\">\n\t\t\t\t<div class=\"elementor-widget-container\">\n\t\t\t\t\t\t\t<div class=\"elementor-spacer\">\n\t\t\t<div class=\"elementor-spacer-inner\"><\/div>\n\t\t<\/div>\n\t\t\t\t\t\t<\/div>\n\t\t\t\t<\/div>\n\t\t\t\t\t<\/div>\n\t\t<\/div>\n\t\t\t\t\t<\/div>\n\t\t<\/section>\n\t\t\t\t<\/div>\n\t\t","protected":false},"excerpt":{"rendered":"<p>Prise de contact Par T\u00e9l\u00e9phone 0470984242 Par mail Merci d&rsquo;utiliser le formulaire Pour nous rejoindre Rue Amp\u00e8re, 03300 Cusset<\/p>\n","protected":false},"author":1,"featured_media":0,"parent":0,"menu_order":0,"comment_status":"closed","ping_status":"closed","template":"elementor_canvas","meta":{"neve_meta_sidebar":"","neve_meta_container":"","neve_meta_enable_content_width":"","neve_meta_content_width":0,"neve_meta_title_alignment":"","neve_meta_author_avatar":"","neve_post_elements_order":"","neve_meta_disable_header":"","neve_meta_disable_footer":"","neve_meta_disable_title":"","footnotes":""},"class_list":["post-775","page","type-page","status-publish","hentry"],"yoast_head":"<!-- This site is optimized with the Yoast SEO plugin v27.4 - https:\/\/yoast.com\/product\/yoast-seo-wordpress\/ -->\n<title>Contact - Etablissement Lescure<\/title>\n<meta name=\"robots\" content=\"index, follow, max-snippet:-1, max-image-preview:large, max-video-preview:-1\" \/>\n<link rel=\"canonical\" href=\"https:\/\/www.ets-lescure.fr\/index.php\/contact\/\" \/>\n<meta property=\"og:locale\" content=\"fr_FR\" \/>\n<meta property=\"og:type\" content=\"article\" \/>\n<meta property=\"og:title\" content=\"Contact - Etablissement Lescure\" \/>\n<meta property=\"og:description\" content=\"Prise de contact Par T\u00e9l\u00e9phone 0470984242 Par mail Merci d&rsquo;utiliser le formulaire Pour nous rejoindre Rue Amp\u00e8re, 03300 Cusset\" \/>\n<meta property=\"og:url\" content=\"https:\/\/www.ets-lescure.fr\/index.php\/contact\/\" \/>\n<meta property=\"og:site_name\" content=\"Etablissement Lescure\" \/>\n<meta property=\"article:modified_time\" content=\"2025-03-03T13:20:31+00:00\" \/>\n<meta name=\"twitter:card\" content=\"summary_large_image\" \/>\n<meta name=\"twitter:label1\" content=\"Dur\u00e9e de lecture estim\u00e9e\" \/>\n\t<meta name=\"twitter:data1\" content=\"1 minute\" \/>\n<script type=\"application\/ld+json\" class=\"yoast-schema-graph\">{\"@context\":\"https:\\\/\\\/schema.org\",\"@graph\":[{\"@type\":\"WebPage\",\"@id\":\"https:\\\/\\\/www.ets-lescure.fr\\\/index.php\\\/contact\\\/\",\"url\":\"https:\\\/\\\/www.ets-lescure.fr\\\/index.php\\\/contact\\\/\",\"name\":\"Contact - Etablissement Lescure\",\"isPartOf\":{\"@id\":\"https:\\\/\\\/www.ets-lescure.fr\\\/#website\"},\"primaryImageOfPage\":{\"@id\":\"https:\\\/\\\/www.ets-lescure.fr\\\/index.php\\\/contact\\\/#primaryimage\"},\"image\":{\"@id\":\"https:\\\/\\\/www.ets-lescure.fr\\\/index.php\\\/contact\\\/#primaryimage\"},\"thumbnailUrl\":\"https:\\\/\\\/www.ets-lescure.fr\\\/wp-content\\\/uploads\\\/2022\\\/09\\\/icons8-clavier-numerique-96.svg\",\"datePublished\":\"2022-03-15T20:19:51+00:00\",\"dateModified\":\"2025-03-03T13:20:31+00:00\",\"breadcrumb\":{\"@id\":\"https:\\\/\\\/www.ets-lescure.fr\\\/index.php\\\/contact\\\/#breadcrumb\"},\"inLanguage\":\"fr-FR\",\"potentialAction\":[{\"@type\":\"ReadAction\",\"target\":[\"https:\\\/\\\/www.ets-lescure.fr\\\/index.php\\\/contact\\\/\"]}]},{\"@type\":\"ImageObject\",\"inLanguage\":\"fr-FR\",\"@id\":\"https:\\\/\\\/www.ets-lescure.fr\\\/index.php\\\/contact\\\/#primaryimage\",\"url\":\"https:\\\/\\\/www.ets-lescure.fr\\\/wp-content\\\/uploads\\\/2022\\\/09\\\/icons8-clavier-numerique-96.svg\",\"contentUrl\":\"https:\\\/\\\/www.ets-lescure.fr\\\/wp-content\\\/uploads\\\/2022\\\/09\\\/icons8-clavier-numerique-96.svg\",\"width\":96,\"height\":96},{\"@type\":\"BreadcrumbList\",\"@id\":\"https:\\\/\\\/www.ets-lescure.fr\\\/index.php\\\/contact\\\/#breadcrumb\",\"itemListElement\":[{\"@type\":\"ListItem\",\"position\":1,\"name\":\"Home\",\"item\":\"https:\\\/\\\/www.ets-lescure.fr\\\/\"},{\"@type\":\"ListItem\",\"position\":2,\"name\":\"Contact\"}]},{\"@type\":\"WebSite\",\"@id\":\"https:\\\/\\\/www.ets-lescure.fr\\\/#website\",\"url\":\"https:\\\/\\\/www.ets-lescure.fr\\\/\",\"name\":\"Etablissement Lescure\",\"description\":\"Etablissement Lescure \u00e0 CUSSET\",\"publisher\":{\"@id\":\"https:\\\/\\\/www.ets-lescure.fr\\\/#organization\"},\"potentialAction\":[{\"@type\":\"SearchAction\",\"target\":{\"@type\":\"EntryPoint\",\"urlTemplate\":\"https:\\\/\\\/www.ets-lescure.fr\\\/?s={search_term_string}\"},\"query-input\":{\"@type\":\"PropertyValueSpecification\",\"valueRequired\":true,\"valueName\":\"search_term_string\"}}],\"inLanguage\":\"fr-FR\"},{\"@type\":\"Organization\",\"@id\":\"https:\\\/\\\/www.ets-lescure.fr\\\/#organization\",\"name\":\"Etablissement Lescure\",\"url\":\"https:\\\/\\\/www.ets-lescure.fr\\\/\",\"logo\":{\"@type\":\"ImageObject\",\"inLanguage\":\"fr-FR\",\"@id\":\"https:\\\/\\\/www.ets-lescure.fr\\\/#\\\/schema\\\/logo\\\/image\\\/\",\"url\":\"https:\\\/\\\/www.ets-lescure.fr\\\/wp-content\\\/uploads\\\/2022\\\/01\\\/logo-site-1.png\",\"contentUrl\":\"https:\\\/\\\/www.ets-lescure.fr\\\/wp-content\\\/uploads\\\/2022\\\/01\\\/logo-site-1.png\",\"width\":561,\"height\":131,\"caption\":\"Etablissement Lescure\"},\"image\":{\"@id\":\"https:\\\/\\\/www.ets-lescure.fr\\\/#\\\/schema\\\/logo\\\/image\\\/\"}}]}<\/script>\n<!-- \/ Yoast SEO plugin. -->","yoast_head_json":{"title":"Contact - Etablissement Lescure","robots":{"index":"index","follow":"follow","max-snippet":"max-snippet:-1","max-image-preview":"max-image-preview:large","max-video-preview":"max-video-preview:-1"},"canonical":"https:\/\/www.ets-lescure.fr\/index.php\/contact\/","og_locale":"fr_FR","og_type":"article","og_title":"Contact - Etablissement Lescure","og_description":"Prise de contact Par T\u00e9l\u00e9phone 0470984242 Par mail Merci d&rsquo;utiliser le formulaire Pour nous rejoindre Rue Amp\u00e8re, 03300 Cusset","og_url":"https:\/\/www.ets-lescure.fr\/index.php\/contact\/","og_site_name":"Etablissement Lescure","article_modified_time":"2025-03-03T13:20:31+00:00","twitter_card":"summary_large_image","twitter_misc":{"Dur\u00e9e de lecture estim\u00e9e":"1 minute"},"schema":{"@context":"https:\/\/schema.org","@graph":[{"@type":"WebPage","@id":"https:\/\/www.ets-lescure.fr\/index.php\/contact\/","url":"https:\/\/www.ets-lescure.fr\/index.php\/contact\/","name":"Contact - Etablissement Lescure","isPartOf":{"@id":"https:\/\/www.ets-lescure.fr\/#website"},"primaryImageOfPage":{"@id":"https:\/\/www.ets-lescure.fr\/index.php\/contact\/#primaryimage"},"image":{"@id":"https:\/\/www.ets-lescure.fr\/index.php\/contact\/#primaryimage"},"thumbnailUrl":"https:\/\/www.ets-lescure.fr\/wp-content\/uploads\/2022\/09\/icons8-clavier-numerique-96.svg","datePublished":"2022-03-15T20:19:51+00:00","dateModified":"2025-03-03T13:20:31+00:00","breadcrumb":{"@id":"https:\/\/www.ets-lescure.fr\/index.php\/contact\/#breadcrumb"},"inLanguage":"fr-FR","potentialAction":[{"@type":"ReadAction","target":["https:\/\/www.ets-lescure.fr\/index.php\/contact\/"]}]},{"@type":"ImageObject","inLanguage":"fr-FR","@id":"https:\/\/www.ets-lescure.fr\/index.php\/contact\/#primaryimage","url":"https:\/\/www.ets-lescure.fr\/wp-content\/uploads\/2022\/09\/icons8-clavier-numerique-96.svg","contentUrl":"https:\/\/www.ets-lescure.fr\/wp-content\/uploads\/2022\/09\/icons8-clavier-numerique-96.svg","width":96,"height":96},{"@type":"BreadcrumbList","@id":"https:\/\/www.ets-lescure.fr\/index.php\/contact\/#breadcrumb","itemListElement":[{"@type":"ListItem","position":1,"name":"Home","item":"https:\/\/www.ets-lescure.fr\/"},{"@type":"ListItem","position":2,"name":"Contact"}]},{"@type":"WebSite","@id":"https:\/\/www.ets-lescure.fr\/#website","url":"https:\/\/www.ets-lescure.fr\/","name":"Etablissement Lescure","description":"Etablissement Lescure \u00e0 CUSSET","publisher":{"@id":"https:\/\/www.ets-lescure.fr\/#organization"},"potentialAction":[{"@type":"SearchAction","target":{"@type":"EntryPoint","urlTemplate":"https:\/\/www.ets-lescure.fr\/?s={search_term_string}"},"query-input":{"@type":"PropertyValueSpecification","valueRequired":true,"valueName":"search_term_string"}}],"inLanguage":"fr-FR"},{"@type":"Organization","@id":"https:\/\/www.ets-lescure.fr\/#organization","name":"Etablissement Lescure","url":"https:\/\/www.ets-lescure.fr\/","logo":{"@type":"ImageObject","inLanguage":"fr-FR","@id":"https:\/\/www.ets-lescure.fr\/#\/schema\/logo\/image\/","url":"https:\/\/www.ets-lescure.fr\/wp-content\/uploads\/2022\/01\/logo-site-1.png","contentUrl":"https:\/\/www.ets-lescure.fr\/wp-content\/uploads\/2022\/01\/logo-site-1.png","width":561,"height":131,"caption":"Etablissement Lescure"},"image":{"@id":"https:\/\/www.ets-lescure.fr\/#\/schema\/logo\/image\/"}}]}},"jetpack_sharing_enabled":true,"_links":{"self":[{"href":"https:\/\/www.ets-lescure.fr\/index.php\/wp-json\/wp\/v2\/pages\/775","targetHints":{"allow":["GET"]}}],"collection":[{"href":"https:\/\/www.ets-lescure.fr\/index.php\/wp-json\/wp\/v2\/pages"}],"about":[{"href":"https:\/\/www.ets-lescure.fr\/index.php\/wp-json\/wp\/v2\/types\/page"}],"author":[{"embeddable":true,"href":"https:\/\/www.ets-lescure.fr\/index.php\/wp-json\/wp\/v2\/users\/1"}],"replies":[{"embeddable":true,"href":"https:\/\/www.ets-lescure.fr\/index.php\/wp-json\/wp\/v2\/comments?post=775"}],"version-history":[{"count":190,"href":"https:\/\/www.ets-lescure.fr\/index.php\/wp-json\/wp\/v2\/pages\/775\/revisions"}],"predecessor-version":[{"id":2131,"href":"https:\/\/www.ets-lescure.fr\/index.php\/wp-json\/wp\/v2\/pages\/775\/revisions\/2131"}],"wp:attachment":[{"href":"https:\/\/www.ets-lescure.fr\/index.php\/wp-json\/wp\/v2\/media?parent=775"}],"curies":[{"name":"wp","href":"https:\/\/api.w.org\/{rel}","templated":true}]}}