{"id":206,"date":"2022-01-23T10:28:24","date_gmt":"2022-01-23T09:28:24","guid":{"rendered":"http:\/\/ets-lescure.fr\/index.php\/home-page\/"},"modified":"2025-03-03T14:48:08","modified_gmt":"2025-03-03T13:48:08","slug":"home-page","status":"publish","type":"page","link":"https:\/\/www.ets-lescure.fr\/","title":{"rendered":"Accueil"},"content":{"rendered":"\t\t<div data-elementor-type=\"wp-page\" data-elementor-id=\"206\" class=\"elementor elementor-206\" data-elementor-post-type=\"page\">\n\t\t\t\t\t\t<section class=\"elementor-section elementor-top-section elementor-element elementor-element-b62d35e elementor-section-boxed elementor-section-height-default elementor-section-height-default\" data-id=\"b62d35e\" data-element_type=\"section\" data-e-type=\"section\" data-settings=\"{&quot;background_background&quot;:&quot;classic&quot;}\">\n\t\t\t\t\t\t\t<div class=\"elementor-background-overlay\"><\/div>\n\t\t\t\t\t\t\t<div class=\"elementor-container elementor-column-gap-default\">\n\t\t\t\t\t<div class=\"elementor-column elementor-col-100 elementor-top-column elementor-element elementor-element-81320b7\" data-id=\"81320b7\" data-element_type=\"column\" data-e-type=\"column\">\n\t\t\t<div class=\"elementor-widget-wrap elementor-element-populated\">\n\t\t\t\t\t\t<div class=\"elementor-element elementor-element-2ee79da elementor-widget elementor-widget-spacer\" data-id=\"2ee79da\" data-element_type=\"widget\" data-e-type=\"widget\" data-widget_type=\"spacer.default\">\n\t\t\t\t<div class=\"elementor-widget-container\">\n\t\t\t\t\t\t\t<div class=\"elementor-spacer\">\n\t\t\t<div class=\"elementor-spacer-inner\"><\/div>\n\t\t<\/div>\n\t\t\t\t\t\t<\/div>\n\t\t\t\t<\/div>\n\t\t\t\t<div class=\"elementor-element elementor-element-5aa3f5a elementor-widget elementor-widget-spacer\" data-id=\"5aa3f5a\" data-element_type=\"widget\" data-e-type=\"widget\" data-widget_type=\"spacer.default\">\n\t\t\t\t<div class=\"elementor-widget-container\">\n\t\t\t\t\t\t\t<div class=\"elementor-spacer\">\n\t\t\t<div class=\"elementor-spacer-inner\"><\/div>\n\t\t<\/div>\n\t\t\t\t\t\t<\/div>\n\t\t\t\t<\/div>\n\t\t\t\t<div class=\"elementor-element elementor-element-abea7a9 elementor-widget elementor-widget-heading\" data-id=\"abea7a9\" data-element_type=\"widget\" data-e-type=\"widget\" data-widget_type=\"heading.default\">\n\t\t\t\t<div class=\"elementor-widget-container\">\n\t\t\t\t\t<h2 class=\"elementor-heading-title elementor-size-default\">Une \u00e9quipe, Un service,<\/h2>\t\t\t\t<\/div>\n\t\t\t\t<\/div>\n\t\t\t\t<div class=\"elementor-element elementor-element-401feb5 elementor-widget elementor-widget-spacer\" data-id=\"401feb5\" data-element_type=\"widget\" data-e-type=\"widget\" data-widget_type=\"spacer.default\">\n\t\t\t\t<div class=\"elementor-widget-container\">\n\t\t\t\t\t\t\t<div class=\"elementor-spacer\">\n\t\t\t<div class=\"elementor-spacer-inner\"><\/div>\n\t\t<\/div>\n\t\t\t\t\t\t<\/div>\n\t\t\t\t<\/div>\n\t\t\t\t<div class=\"elementor-element elementor-element-e6ba40d elementor-invisible elementor-widget elementor-widget-text-editor\" data-id=\"e6ba40d\" data-element_type=\"widget\" data-e-type=\"widget\" data-settings=\"{&quot;_animation&quot;:&quot;fadeInRight&quot;}\" data-widget_type=\"text-editor.default\">\n\t\t\t\t<div class=\"elementor-widget-container\">\n\t\t\t\t\t\t\t\t\t<p><span style=\"vertical-align: inherit;\"><span style=\"vertical-align: inherit;\"><span style=\"vertical-align: inherit;\"><span style=\"vertical-align: inherit;\"><span style=\"vertical-align: inherit;\"><span style=\"vertical-align: inherit;\"><span style=\"vertical-align: inherit;\"><span style=\"vertical-align: inherit;\"><span style=\"vertical-align: inherit;\"><span style=\"vertical-align: inherit;\"><span style=\"vertical-align: inherit;\"><span style=\"vertical-align: inherit;\"><span style=\"vertical-align: inherit;\"><span style=\"vertical-align: inherit;\">Install\u00e9s rue Amp\u00e8re \u00e0 Cusset (03) depuis 1961, les Etablissements LESCURE sont sp\u00e9cialis\u00e9s dans la r\u00e9paration et la commercialisation de machines tournantes. <\/span><\/span><\/span><\/span><\/span><\/span><\/span><\/span><\/span><\/span><\/span><\/span><\/span><span style=\"vertical-align: inherit;\"><span style=\"vertical-align: inherit;\"><span style=\"vertical-align: inherit;\"><span style=\"vertical-align: inherit;\"><span style=\"vertical-align: inherit;\"><span style=\"vertical-align: inherit;\"><span style=\"vertical-align: inherit;\"><span style=\"vertical-align: inherit;\"><span style=\"vertical-align: inherit;\"><span style=\"vertical-align: inherit;\"><span style=\"vertical-align: inherit;\"><span style=\"vertical-align: inherit;\"><span style=\"vertical-align: inherit;\">Industriels, artisans, \u00e9lectriciens et particuliers, nous mettons tout en \u0153uvre pour solutionner vos probl\u00e8mes. <\/span><\/span><\/span><\/span><\/span><\/span><\/span><\/span><\/span><\/span><\/span><\/span><\/span><span style=\"vertical-align: inherit;\"><span style=\"vertical-align: inherit;\"><span style=\"vertical-align: inherit;\"><span style=\"vertical-align: inherit;\"><span style=\"vertical-align: inherit;\"><span style=\"vertical-align: inherit;\"><span style=\"vertical-align: inherit;\"><span style=\"vertical-align: inherit;\"><span style=\"vertical-align: inherit;\"><span style=\"vertical-align: inherit;\"><span style=\"vertical-align: inherit;\"><span style=\"vertical-align: inherit;\"><span style=\"vertical-align: inherit;\">La soci\u00e9t\u00e9 LESCURE vous propose une \u00e9quipe de professionnels \u00e0 votre service. <\/span><\/span><\/span><\/span><\/span><\/span><\/span><\/span><\/span><\/span><\/span><\/span><\/span><span style=\"vertical-align: inherit;\"><span style=\"vertical-align: inherit;\"><span style=\"vertical-align: inherit;\"><span style=\"vertical-align: inherit;\"><span style=\"vertical-align: inherit;\"><span style=\"vertical-align: inherit;\"><span style=\"vertical-align: inherit;\"><span style=\"vertical-align: inherit;\"><span style=\"vertical-align: inherit;\"><span style=\"vertical-align: inherit;\"><span style=\"vertical-align: inherit;\"><span style=\"vertical-align: inherit;\"><span style=\"vertical-align: inherit;\">Nous intervenons dans de multiples domaines d&rsquo;activit\u00e9s.\u00a0<\/span><\/span><\/span><\/span><\/span><\/span><\/span><\/span><\/span><\/span><\/span><\/span><\/span><\/span><\/p><p><span style=\"vertical-align: inherit;\"><span style=\"vertical-align: inherit;\"><span style=\"vertical-align: inherit;\"><span style=\"vertical-align: inherit;\"><span style=\"vertical-align: inherit;\"><span style=\"vertical-align: inherit;\"><span style=\"vertical-align: inherit;\"><span style=\"vertical-align: inherit;\"><span style=\"vertical-align: inherit;\"><span style=\"vertical-align: inherit;\"><span style=\"vertical-align: inherit;\"><span style=\"vertical-align: inherit;\"><span style=\"vertical-align: inherit;\"><span style=\"vertical-align: inherit;\">Nous attribuons un service de qualit\u00e9 dans la quasi-totalit\u00e9 des domaines de l&rsquo;\u00e9lectrom\u00e9canique et nous mettons tout en \u0153uvre pour satisfaire nos clients \u00e0 travers le respect des d\u00e9lais et la r\u00e9alisation de leur demande. <\/span><\/span><\/span><\/span><\/span><\/span><\/span><\/span><\/span><\/span><\/span><\/span><\/span><span style=\"vertical-align: inherit;\"><span style=\"vertical-align: inherit;\"><span style=\"vertical-align: inherit;\"><span style=\"vertical-align: inherit;\"><span style=\"vertical-align: inherit;\"><span style=\"vertical-align: inherit;\"><span style=\"vertical-align: inherit;\"><span style=\"vertical-align: inherit;\"><span style=\"vertical-align: inherit;\"><span style=\"vertical-align: inherit;\"><span style=\"vertical-align: inherit;\"><span style=\"vertical-align: inherit;\"><span style=\"vertical-align: inherit;\">Nous vous invitons \u00e0 d\u00e9couvrir l&rsquo;ensemble de nos prestations en parcourant ce site et restons \u00e0 votre disposition pour toutes demandes.<\/span><\/span><\/span><\/span><\/span><\/span><\/span><\/span><\/span><\/span><\/span><\/span><\/span><\/span><\/p>\t\t\t\t\t\t\t\t<\/div>\n\t\t\t\t<\/div>\n\t\t\t\t<div class=\"elementor-element elementor-element-d2becb7 elementor-arrows-position-inside elementor-invisible elementor-widget elementor-widget-image-carousel\" data-id=\"d2becb7\" data-element_type=\"widget\" data-e-type=\"widget\" data-settings=\"{&quot;slides_to_show&quot;:&quot;1&quot;,&quot;_animation&quot;:&quot;fadeInLeft&quot;,&quot;navigation&quot;:&quot;arrows&quot;,&quot;autoplay&quot;:&quot;yes&quot;,&quot;pause_on_hover&quot;:&quot;yes&quot;,&quot;pause_on_interaction&quot;:&quot;yes&quot;,&quot;autoplay_speed&quot;:5000,&quot;infinite&quot;:&quot;yes&quot;,&quot;effect&quot;:&quot;slide&quot;,&quot;speed&quot;:500}\" data-widget_type=\"image-carousel.default\">\n\t\t\t\t<div class=\"elementor-widget-container\">\n\t\t\t\t\t\t\t<div class=\"elementor-image-carousel-wrapper swiper\" role=\"region\" aria-roledescription=\"carousel\" aria-label=\"Carrousel d\u2019images\" dir=\"ltr\">\n\t\t\t<div class=\"elementor-image-carousel swiper-wrapper\" aria-live=\"off\">\n\t\t\t\t\t\t\t\t<div class=\"swiper-slide\" role=\"group\" aria-roledescription=\"slide\" aria-label=\"1 sur 3\"><figure class=\"swiper-slide-inner\"><img decoding=\"async\" class=\"swiper-slide-image\" src=\"https:\/\/www.ets-lescure.fr\/wp-content\/uploads\/2022\/03\/IMG_7734-scaled.jpg\" alt=\"IMG_7734\" \/><\/figure><\/div><div class=\"swiper-slide\" role=\"group\" aria-roledescription=\"slide\" aria-label=\"2 sur 3\"><figure class=\"swiper-slide-inner\"><img decoding=\"async\" class=\"swiper-slide-image\" src=\"https:\/\/www.ets-lescure.fr\/wp-content\/uploads\/2022\/03\/IMG_7736-scaled.jpg\" alt=\"IMG_7736\" \/><\/figure><\/div><div class=\"swiper-slide\" role=\"group\" aria-roledescription=\"slide\" aria-label=\"3 sur 3\"><figure class=\"swiper-slide-inner\"><img decoding=\"async\" class=\"swiper-slide-image\" src=\"https:\/\/www.ets-lescure.fr\/wp-content\/uploads\/2024\/06\/p3-800x620.jpg\" alt=\"p3\" \/><\/figure><\/div>\t\t\t<\/div>\n\t\t\t\t\t\t\t\t\t\t\t\t<div class=\"elementor-swiper-button elementor-swiper-button-prev\" role=\"button\" tabindex=\"0\">\n\t\t\t\t\t\t<i aria-hidden=\"true\" class=\"eicon-chevron-left\"><\/i>\t\t\t\t\t<\/div>\n\t\t\t\t\t<div class=\"elementor-swiper-button elementor-swiper-button-next\" role=\"button\" tabindex=\"0\">\n\t\t\t\t\t\t<i aria-hidden=\"true\" class=\"eicon-chevron-right\"><\/i>\t\t\t\t\t<\/div>\n\t\t\t\t\n\t\t\t\t\t\t\t\t\t<\/div>\n\t\t\t\t\t\t<\/div>\n\t\t\t\t<\/div>\n\t\t\t\t<div class=\"elementor-element elementor-element-36520ca elementor-widget elementor-widget-spacer\" data-id=\"36520ca\" data-element_type=\"widget\" data-e-type=\"widget\" data-widget_type=\"spacer.default\">\n\t\t\t\t<div class=\"elementor-widget-container\">\n\t\t\t\t\t\t\t<div class=\"elementor-spacer\">\n\t\t\t<div class=\"elementor-spacer-inner\"><\/div>\n\t\t<\/div>\n\t\t\t\t\t\t<\/div>\n\t\t\t\t<\/div>\n\t\t\t\t\t<\/div>\n\t\t<\/div>\n\t\t\t\t\t<\/div>\n\t\t<\/section>\n\t\t\t\t<section class=\"elementor-section elementor-top-section elementor-element elementor-element-115e0dd elementor-section-boxed elementor-section-height-default elementor-section-height-default\" data-id=\"115e0dd\" data-element_type=\"section\" data-e-type=\"section\">\n\t\t\t\t\t\t<div class=\"elementor-container elementor-column-gap-default\">\n\t\t\t\t\t<div class=\"elementor-column elementor-col-100 elementor-top-column elementor-element elementor-element-966da6e\" data-id=\"966da6e\" data-element_type=\"column\" data-e-type=\"column\">\n\t\t\t<div class=\"elementor-widget-wrap\">\n\t\t\t\t\t\t\t<\/div>\n\t\t<\/div>\n\t\t\t\t\t<\/div>\n\t\t<\/section>\n\t\t\t\t<\/div>\n\t\t","protected":false},"excerpt":{"rendered":"<p>Une \u00e9quipe, Un service, Install\u00e9s rue Amp\u00e8re \u00e0 Cusset (03) depuis 1961, les Etablissements LESCURE sont sp\u00e9cialis\u00e9s dans la r\u00e9paration et la commercialisation de machines tournantes. Industriels, artisans, \u00e9lectriciens et particuliers, nous mettons tout en \u0153uvre pour solutionner vos probl\u00e8mes. La soci\u00e9t\u00e9 LESCURE vous propose une \u00e9quipe de professionnels \u00e0 votre service. Nous intervenons dans&hellip;&nbsp;<\/p>\n","protected":false},"author":1,"featured_media":398,"parent":0,"menu_order":0,"comment_status":"closed","ping_status":"closed","template":"elementor_canvas","meta":{"neve_meta_sidebar":"","neve_meta_container":"","neve_meta_enable_content_width":"","neve_meta_content_width":0,"neve_meta_title_alignment":"","neve_meta_author_avatar":"","neve_post_elements_order":"","neve_meta_disable_header":"","neve_meta_disable_footer":"","neve_meta_disable_title":"","footnotes":""},"class_list":["post-206","page","type-page","status-publish","has-post-thumbnail","hentry"],"yoast_head":"<!-- This site is optimized with the Yoast SEO plugin v27.4 - https:\/\/yoast.com\/product\/yoast-seo-wordpress\/ -->\n<title>Accueil - Etablissement Lescure<\/title>\n<meta name=\"robots\" content=\"index, follow, max-snippet:-1, max-image-preview:large, max-video-preview:-1\" \/>\n<link rel=\"canonical\" href=\"https:\/\/www.ets-lescure.fr\/\" \/>\n<meta property=\"og:locale\" content=\"fr_FR\" \/>\n<meta property=\"og:type\" content=\"article\" \/>\n<meta property=\"og:title\" content=\"Accueil - Etablissement Lescure\" \/>\n<meta property=\"og:description\" content=\"Une \u00e9quipe, Un service, Install\u00e9s rue Amp\u00e8re \u00e0 Cusset (03) depuis 1961, les Etablissements LESCURE sont sp\u00e9cialis\u00e9s dans la r\u00e9paration et la commercialisation de machines tournantes. Industriels, artisans, \u00e9lectriciens et particuliers, nous mettons tout en \u0153uvre pour solutionner vos probl\u00e8mes. La soci\u00e9t\u00e9 LESCURE vous propose une \u00e9quipe de professionnels \u00e0 votre service. Nous intervenons dans&hellip;&nbsp;\" \/>\n<meta property=\"og:url\" content=\"https:\/\/www.ets-lescure.fr\/\" \/>\n<meta property=\"og:site_name\" content=\"Etablissement Lescure\" \/>\n<meta property=\"article:modified_time\" content=\"2025-03-03T13:48:08+00:00\" \/>\n<meta property=\"og:image\" content=\"https:\/\/www.ets-lescure.fr\/wp-content\/uploads\/2022\/01\/scanmod5.jpg\" \/>\n\t<meta property=\"og:image:width\" content=\"596\" \/>\n\t<meta property=\"og:image:height\" content=\"637\" \/>\n\t<meta property=\"og:image:type\" content=\"image\/jpeg\" \/>\n<meta name=\"twitter:card\" content=\"summary_large_image\" \/>\n<meta name=\"twitter:label1\" content=\"Dur\u00e9e de lecture estim\u00e9e\" \/>\n\t<meta name=\"twitter:data1\" content=\"2 minutes\" \/>\n<script type=\"application\/ld+json\" class=\"yoast-schema-graph\">{\"@context\":\"https:\\\/\\\/schema.org\",\"@graph\":[{\"@type\":\"WebPage\",\"@id\":\"https:\\\/\\\/www.ets-lescure.fr\\\/\",\"url\":\"https:\\\/\\\/www.ets-lescure.fr\\\/\",\"name\":\"Accueil - Etablissement Lescure\",\"isPartOf\":{\"@id\":\"https:\\\/\\\/www.ets-lescure.fr\\\/#website\"},\"primaryImageOfPage\":{\"@id\":\"https:\\\/\\\/www.ets-lescure.fr\\\/#primaryimage\"},\"image\":{\"@id\":\"https:\\\/\\\/www.ets-lescure.fr\\\/#primaryimage\"},\"thumbnailUrl\":\"https:\\\/\\\/www.ets-lescure.fr\\\/wp-content\\\/uploads\\\/2022\\\/01\\\/scanmod5.jpg\",\"datePublished\":\"2022-01-23T09:28:24+00:00\",\"dateModified\":\"2025-03-03T13:48:08+00:00\",\"breadcrumb\":{\"@id\":\"https:\\\/\\\/www.ets-lescure.fr\\\/#breadcrumb\"},\"inLanguage\":\"fr-FR\",\"potentialAction\":[{\"@type\":\"ReadAction\",\"target\":[\"https:\\\/\\\/www.ets-lescure.fr\\\/\"]}]},{\"@type\":\"ImageObject\",\"inLanguage\":\"fr-FR\",\"@id\":\"https:\\\/\\\/www.ets-lescure.fr\\\/#primaryimage\",\"url\":\"https:\\\/\\\/www.ets-lescure.fr\\\/wp-content\\\/uploads\\\/2022\\\/01\\\/scanmod5.jpg\",\"contentUrl\":\"https:\\\/\\\/www.ets-lescure.fr\\\/wp-content\\\/uploads\\\/2022\\\/01\\\/scanmod5.jpg\",\"width\":596,\"height\":637},{\"@type\":\"BreadcrumbList\",\"@id\":\"https:\\\/\\\/www.ets-lescure.fr\\\/#breadcrumb\",\"itemListElement\":[{\"@type\":\"ListItem\",\"position\":1,\"name\":\"Home\",\"item\":\"https:\\\/\\\/www.ets-lescure.fr\\\/\"},{\"@type\":\"ListItem\",\"position\":2,\"name\":\"Accueil\"}]},{\"@type\":\"WebSite\",\"@id\":\"https:\\\/\\\/www.ets-lescure.fr\\\/#website\",\"url\":\"https:\\\/\\\/www.ets-lescure.fr\\\/\",\"name\":\"Etablissement Lescure\",\"description\":\"Etablissement Lescure \u00e0 CUSSET\",\"publisher\":{\"@id\":\"https:\\\/\\\/www.ets-lescure.fr\\\/#organization\"},\"potentialAction\":[{\"@type\":\"SearchAction\",\"target\":{\"@type\":\"EntryPoint\",\"urlTemplate\":\"https:\\\/\\\/www.ets-lescure.fr\\\/?s={search_term_string}\"},\"query-input\":{\"@type\":\"PropertyValueSpecification\",\"valueRequired\":true,\"valueName\":\"search_term_string\"}}],\"inLanguage\":\"fr-FR\"},{\"@type\":\"Organization\",\"@id\":\"https:\\\/\\\/www.ets-lescure.fr\\\/#organization\",\"name\":\"Etablissement Lescure\",\"url\":\"https:\\\/\\\/www.ets-lescure.fr\\\/\",\"logo\":{\"@type\":\"ImageObject\",\"inLanguage\":\"fr-FR\",\"@id\":\"https:\\\/\\\/www.ets-lescure.fr\\\/#\\\/schema\\\/logo\\\/image\\\/\",\"url\":\"https:\\\/\\\/www.ets-lescure.fr\\\/wp-content\\\/uploads\\\/2022\\\/01\\\/logo-site-1.png\",\"contentUrl\":\"https:\\\/\\\/www.ets-lescure.fr\\\/wp-content\\\/uploads\\\/2022\\\/01\\\/logo-site-1.png\",\"width\":561,\"height\":131,\"caption\":\"Etablissement Lescure\"},\"image\":{\"@id\":\"https:\\\/\\\/www.ets-lescure.fr\\\/#\\\/schema\\\/logo\\\/image\\\/\"}}]}<\/script>\n<!-- \/ Yoast SEO plugin. -->","yoast_head_json":{"title":"Accueil - Etablissement Lescure","robots":{"index":"index","follow":"follow","max-snippet":"max-snippet:-1","max-image-preview":"max-image-preview:large","max-video-preview":"max-video-preview:-1"},"canonical":"https:\/\/www.ets-lescure.fr\/","og_locale":"fr_FR","og_type":"article","og_title":"Accueil - Etablissement Lescure","og_description":"Une \u00e9quipe, Un service, Install\u00e9s rue Amp\u00e8re \u00e0 Cusset (03) depuis 1961, les Etablissements LESCURE sont sp\u00e9cialis\u00e9s dans la r\u00e9paration et la commercialisation de machines tournantes. Industriels, artisans, \u00e9lectriciens et particuliers, nous mettons tout en \u0153uvre pour solutionner vos probl\u00e8mes. La soci\u00e9t\u00e9 LESCURE vous propose une \u00e9quipe de professionnels \u00e0 votre service. Nous intervenons dans&hellip;&nbsp;","og_url":"https:\/\/www.ets-lescure.fr\/","og_site_name":"Etablissement Lescure","article_modified_time":"2025-03-03T13:48:08+00:00","og_image":[{"width":596,"height":637,"url":"https:\/\/www.ets-lescure.fr\/wp-content\/uploads\/2022\/01\/scanmod5.jpg","type":"image\/jpeg"}],"twitter_card":"summary_large_image","twitter_misc":{"Dur\u00e9e de lecture estim\u00e9e":"2 minutes"},"schema":{"@context":"https:\/\/schema.org","@graph":[{"@type":"WebPage","@id":"https:\/\/www.ets-lescure.fr\/","url":"https:\/\/www.ets-lescure.fr\/","name":"Accueil - Etablissement Lescure","isPartOf":{"@id":"https:\/\/www.ets-lescure.fr\/#website"},"primaryImageOfPage":{"@id":"https:\/\/www.ets-lescure.fr\/#primaryimage"},"image":{"@id":"https:\/\/www.ets-lescure.fr\/#primaryimage"},"thumbnailUrl":"https:\/\/www.ets-lescure.fr\/wp-content\/uploads\/2022\/01\/scanmod5.jpg","datePublished":"2022-01-23T09:28:24+00:00","dateModified":"2025-03-03T13:48:08+00:00","breadcrumb":{"@id":"https:\/\/www.ets-lescure.fr\/#breadcrumb"},"inLanguage":"fr-FR","potentialAction":[{"@type":"ReadAction","target":["https:\/\/www.ets-lescure.fr\/"]}]},{"@type":"ImageObject","inLanguage":"fr-FR","@id":"https:\/\/www.ets-lescure.fr\/#primaryimage","url":"https:\/\/www.ets-lescure.fr\/wp-content\/uploads\/2022\/01\/scanmod5.jpg","contentUrl":"https:\/\/www.ets-lescure.fr\/wp-content\/uploads\/2022\/01\/scanmod5.jpg","width":596,"height":637},{"@type":"BreadcrumbList","@id":"https:\/\/www.ets-lescure.fr\/#breadcrumb","itemListElement":[{"@type":"ListItem","position":1,"name":"Home","item":"https:\/\/www.ets-lescure.fr\/"},{"@type":"ListItem","position":2,"name":"Accueil"}]},{"@type":"WebSite","@id":"https:\/\/www.ets-lescure.fr\/#website","url":"https:\/\/www.ets-lescure.fr\/","name":"Etablissement Lescure","description":"Etablissement Lescure \u00e0 CUSSET","publisher":{"@id":"https:\/\/www.ets-lescure.fr\/#organization"},"potentialAction":[{"@type":"SearchAction","target":{"@type":"EntryPoint","urlTemplate":"https:\/\/www.ets-lescure.fr\/?s={search_term_string}"},"query-input":{"@type":"PropertyValueSpecification","valueRequired":true,"valueName":"search_term_string"}}],"inLanguage":"fr-FR"},{"@type":"Organization","@id":"https:\/\/www.ets-lescure.fr\/#organization","name":"Etablissement Lescure","url":"https:\/\/www.ets-lescure.fr\/","logo":{"@type":"ImageObject","inLanguage":"fr-FR","@id":"https:\/\/www.ets-lescure.fr\/#\/schema\/logo\/image\/","url":"https:\/\/www.ets-lescure.fr\/wp-content\/uploads\/2022\/01\/logo-site-1.png","contentUrl":"https:\/\/www.ets-lescure.fr\/wp-content\/uploads\/2022\/01\/logo-site-1.png","width":561,"height":131,"caption":"Etablissement Lescure"},"image":{"@id":"https:\/\/www.ets-lescure.fr\/#\/schema\/logo\/image\/"}}]}},"jetpack_sharing_enabled":true,"_links":{"self":[{"href":"https:\/\/www.ets-lescure.fr\/index.php\/wp-json\/wp\/v2\/pages\/206","targetHints":{"allow":["GET"]}}],"collection":[{"href":"https:\/\/www.ets-lescure.fr\/index.php\/wp-json\/wp\/v2\/pages"}],"about":[{"href":"https:\/\/www.ets-lescure.fr\/index.php\/wp-json\/wp\/v2\/types\/page"}],"author":[{"embeddable":true,"href":"https:\/\/www.ets-lescure.fr\/index.php\/wp-json\/wp\/v2\/users\/1"}],"replies":[{"embeddable":true,"href":"https:\/\/www.ets-lescure.fr\/index.php\/wp-json\/wp\/v2\/comments?post=206"}],"version-history":[{"count":488,"href":"https:\/\/www.ets-lescure.fr\/index.php\/wp-json\/wp\/v2\/pages\/206\/revisions"}],"predecessor-version":[{"id":2149,"href":"https:\/\/www.ets-lescure.fr\/index.php\/wp-json\/wp\/v2\/pages\/206\/revisions\/2149"}],"wp:featuredmedia":[{"embeddable":true,"href":"https:\/\/www.ets-lescure.fr\/index.php\/wp-json\/wp\/v2\/media\/398"}],"wp:attachment":[{"href":"https:\/\/www.ets-lescure.fr\/index.php\/wp-json\/wp\/v2\/media?parent=206"}],"curies":[{"name":"wp","href":"https:\/\/api.w.org\/{rel}","templated":true}]}}