{"id":1174,"date":"2022-09-15T07:10:21","date_gmt":"2022-09-15T05:10:21","guid":{"rendered":"http:\/\/ets-lescure.fr\/?page_id=1174"},"modified":"2025-03-03T14:46:30","modified_gmt":"2025-03-03T13:46:30","slug":"galerie-photo","status":"publish","type":"page","link":"https:\/\/www.ets-lescure.fr\/index.php\/galerie-photo\/","title":{"rendered":"Galerie photo"},"content":{"rendered":"\t\t<div data-elementor-type=\"wp-page\" data-elementor-id=\"1174\" class=\"elementor elementor-1174\" data-elementor-post-type=\"page\">\n\t\t\t\t\t\t<section class=\"elementor-section elementor-top-section elementor-element elementor-element-b62d35e elementor-section-height-min-height elementor-section-boxed elementor-section-height-default elementor-section-items-middle\" data-id=\"b62d35e\" data-element_type=\"section\" data-e-type=\"section\" data-settings=\"{&quot;background_background&quot;:&quot;classic&quot;}\">\n\t\t\t\t\t\t\t<div class=\"elementor-background-overlay\"><\/div>\n\t\t\t\t\t\t\t<div class=\"elementor-container elementor-column-gap-extended\">\n\t\t\t\t\t<div class=\"elementor-column elementor-col-66 elementor-top-column elementor-element elementor-element-81320b7\" data-id=\"81320b7\" data-element_type=\"column\" data-e-type=\"column\">\n\t\t\t<div class=\"elementor-widget-wrap elementor-element-populated\">\n\t\t\t\t\t\t<div class=\"elementor-element elementor-element-2ef96db elementor-widget elementor-widget-heading\" data-id=\"2ef96db\" data-element_type=\"widget\" data-e-type=\"widget\" data-widget_type=\"heading.default\">\n\t\t\t\t<div class=\"elementor-widget-container\">\n\t\t\t\t\t<h2 class=\"elementor-heading-title elementor-size-default\">Quelques exemple de Nos r\u00e9alisations<\/h2>\t\t\t\t<\/div>\n\t\t\t\t<\/div>\n\t\t\t\t<div class=\"elementor-element elementor-element-815a3d9 elementor-widget elementor-widget-spacer\" data-id=\"815a3d9\" data-element_type=\"widget\" data-e-type=\"widget\" data-widget_type=\"spacer.default\">\n\t\t\t\t<div class=\"elementor-widget-container\">\n\t\t\t\t\t\t\t<div class=\"elementor-spacer\">\n\t\t\t<div class=\"elementor-spacer-inner\"><\/div>\n\t\t<\/div>\n\t\t\t\t\t\t<\/div>\n\t\t\t\t<\/div>\n\t\t\t\t<div class=\"elementor-element elementor-element-7f56c5a elementor-widget elementor-widget-gallery\" data-id=\"7f56c5a\" data-element_type=\"widget\" data-e-type=\"widget\" data-settings=\"{&quot;gallery_layout&quot;:&quot;masonry&quot;,&quot;columns&quot;:2,&quot;overlay_title&quot;:&quot;title&quot;,&quot;columns_tablet&quot;:2,&quot;columns_mobile&quot;:1,&quot;gap&quot;:{&quot;unit&quot;:&quot;px&quot;,&quot;size&quot;:10,&quot;sizes&quot;:[]},&quot;gap_tablet&quot;:{&quot;unit&quot;:&quot;px&quot;,&quot;size&quot;:10,&quot;sizes&quot;:[]},&quot;gap_mobile&quot;:{&quot;unit&quot;:&quot;px&quot;,&quot;size&quot;:10,&quot;sizes&quot;:[]},&quot;link_to&quot;:&quot;file&quot;,&quot;overlay_background&quot;:&quot;yes&quot;,&quot;content_hover_animation&quot;:&quot;fade-in&quot;}\" data-widget_type=\"gallery.default\">\n\t\t\t\t<div class=\"elementor-widget-container\">\n\t\t\t\t\t\t\t\t<div class=\"elementor-gallery__titles-container e--pointer-underline e--animation-fade\" aria-label=\"Filtre de galerie\">\n\t\t\t\t\n\t\t\t\t\t\t\t\t\t<a class=\"elementor-item elementor-gallery-title\" role=\"button\" tabindex=\"0\" data-gallery-index=\"0\">\n\t\t\t\t\t\tMoteurs\t\t\t\t\t<\/a>\n\t\t\t\t\t\t\t\t\t\t<a class=\"elementor-item elementor-gallery-title\" role=\"button\" tabindex=\"0\" data-gallery-index=\"1\">\n\t\t\t\t\t\tOutillages\t\t\t\t\t<\/a>\n\t\t\t\t\t\t\t\t<\/div>\n\t\t\t\t\t<div class=\"elementor-gallery__container\">\n\t\t\t\t\t\t\t<a class=\"e-gallery-item elementor-gallery-item elementor-animated-content\" data-e-gallery-tags=\"0\" href=\"https:\/\/www.ets-lescure.fr\/wp-content\/uploads\/2024\/06\/IMG_1146-scaled.jpg\" data-elementor-open-lightbox=\"yes\" data-elementor-lightbox-slideshow=\"7f56c5a\" data-e-action-hash=\"#elementor-action%3Aaction%3Dlightbox%26settings%3DeyJpZCI6MTkzNCwidXJsIjoiaHR0cHM6XC9cL3d3dy5ldHMtbGVzY3VyZS5mclwvd3AtY29udGVudFwvdXBsb2Fkc1wvMjAyNFwvMDZcL0lNR18xMTQ2LXNjYWxlZC5qcGciLCJzbGlkZXNob3ciOiI3ZjU2YzVhIn0%3D\">\n\t\t\t\t\t<div class=\"e-gallery-image elementor-gallery-item__image\" data-thumbnail=\"https:\/\/www.ets-lescure.fr\/wp-content\/uploads\/2024\/06\/IMG_1146-930x620.jpg\" data-width=\"930\" data-height=\"620\" aria-label=\"\" role=\"img\" ><\/div>\n\t\t\t\t\t\t\t\t\t\t\t<div class=\"elementor-gallery-item__overlay\"><\/div>\n\t\t\t\t\t\t\t\t\t\t\t\t\t\t\t<div class=\"elementor-gallery-item__content\">\n\t\t\t\t\t\t\t\t\t\t\t\t\t\t<div class=\"elementor-gallery-item__title\">\n\t\t\t\t\t\t\t\t\t\t\t\t\t\t\t\t\t\tbobinage\t\t\t\t\t\t\t\t<\/div>\n\t\t\t\t\t\t\t\t\t\t\t\t<\/div>\n\t\t\t\t\t\t\t\t\t<\/a>\n\t\t\t\t\t\t\t<a class=\"e-gallery-item elementor-gallery-item elementor-animated-content\" data-e-gallery-tags=\"0\" href=\"https:\/\/www.ets-lescure.fr\/wp-content\/uploads\/2022\/09\/lescure-029-scaled.jpg\" data-elementor-open-lightbox=\"yes\" data-elementor-lightbox-slideshow=\"7f56c5a\" data-e-action-hash=\"#elementor-action%3Aaction%3Dlightbox%26settings%3DeyJpZCI6MTE3NywidXJsIjoiaHR0cHM6XC9cL3d3dy5ldHMtbGVzY3VyZS5mclwvd3AtY29udGVudFwvdXBsb2Fkc1wvMjAyMlwvMDlcL2xlc2N1cmUtMDI5LXNjYWxlZC5qcGciLCJzbGlkZXNob3ciOiI3ZjU2YzVhIn0%3D\">\n\t\t\t\t\t<div class=\"e-gallery-image elementor-gallery-item__image\" data-thumbnail=\"https:\/\/www.ets-lescure.fr\/wp-content\/uploads\/2022\/09\/lescure-029-930x620.jpg\" data-width=\"930\" data-height=\"620\" aria-label=\"\" role=\"img\" ><\/div>\n\t\t\t\t\t\t\t\t\t\t\t<div class=\"elementor-gallery-item__overlay\"><\/div>\n\t\t\t\t\t\t\t\t\t\t\t\t\t\t\t<div class=\"elementor-gallery-item__content\">\n\t\t\t\t\t\t\t\t\t\t\t\t\t\t<div class=\"elementor-gallery-item__title\">\n\t\t\t\t\t\t\t\t\t\t\t\t\t\t\t\t\t\tlescure 029\t\t\t\t\t\t\t\t<\/div>\n\t\t\t\t\t\t\t\t\t\t\t\t<\/div>\n\t\t\t\t\t\t\t\t\t<\/a>\n\t\t\t\t\t\t\t<a class=\"e-gallery-item elementor-gallery-item elementor-animated-content\" data-e-gallery-tags=\"0\" href=\"https:\/\/www.ets-lescure.fr\/wp-content\/uploads\/2022\/09\/IMG_2202-1-scaled.jpg\" data-elementor-open-lightbox=\"yes\" data-elementor-lightbox-slideshow=\"7f56c5a\" data-e-action-hash=\"#elementor-action%3Aaction%3Dlightbox%26settings%3DeyJpZCI6MTE3OCwidXJsIjoiaHR0cHM6XC9cL3d3dy5ldHMtbGVzY3VyZS5mclwvd3AtY29udGVudFwvdXBsb2Fkc1wvMjAyMlwvMDlcL0lNR18yMjAyLTEtc2NhbGVkLmpwZyIsInNsaWRlc2hvdyI6IjdmNTZjNWEifQ%3D%3D\">\n\t\t\t\t\t<div class=\"e-gallery-image elementor-gallery-item__image\" data-thumbnail=\"https:\/\/www.ets-lescure.fr\/wp-content\/uploads\/2022\/09\/IMG_2202-1-930x620.jpg\" data-width=\"930\" data-height=\"620\" aria-label=\"\" role=\"img\" ><\/div>\n\t\t\t\t\t\t\t\t\t\t\t<div class=\"elementor-gallery-item__overlay\"><\/div>\n\t\t\t\t\t\t\t\t\t\t\t\t\t\t\t<div class=\"elementor-gallery-item__content\">\n\t\t\t\t\t\t\t\t\t\t\t\t\t\t<div class=\"elementor-gallery-item__title\">\n\t\t\t\t\t\t\t\t\t\t\t\t\t\t\t\t\t\tIMG_2202\t\t\t\t\t\t\t\t<\/div>\n\t\t\t\t\t\t\t\t\t\t\t\t<\/div>\n\t\t\t\t\t\t\t\t\t<\/a>\n\t\t\t\t\t\t\t<a class=\"e-gallery-item elementor-gallery-item elementor-animated-content\" data-e-gallery-tags=\"0\" href=\"https:\/\/www.ets-lescure.fr\/wp-content\/uploads\/2024\/06\/moteur-revise.jpg\" data-elementor-open-lightbox=\"yes\" data-elementor-lightbox-slideshow=\"7f56c5a\" data-e-action-hash=\"#elementor-action%3Aaction%3Dlightbox%26settings%3DeyJpZCI6MTkzNiwidXJsIjoiaHR0cHM6XC9cL3d3dy5ldHMtbGVzY3VyZS5mclwvd3AtY29udGVudFwvdXBsb2Fkc1wvMjAyNFwvMDZcL21vdGV1ci1yZXZpc2UuanBnIiwic2xpZGVzaG93IjoiN2Y1NmM1YSJ9\">\n\t\t\t\t\t<div class=\"e-gallery-image elementor-gallery-item__image\" data-thumbnail=\"https:\/\/www.ets-lescure.fr\/wp-content\/uploads\/2024\/06\/moteur-revise-930x620.jpg\" data-width=\"930\" data-height=\"620\" aria-label=\"\" role=\"img\" ><\/div>\n\t\t\t\t\t\t\t\t\t\t\t<div class=\"elementor-gallery-item__overlay\"><\/div>\n\t\t\t\t\t\t\t\t\t\t\t\t\t\t\t<div class=\"elementor-gallery-item__content\">\n\t\t\t\t\t\t\t\t\t\t\t\t\t\t<div class=\"elementor-gallery-item__title\">\n\t\t\t\t\t\t\t\t\t\t\t\t\t\t\t\t\t\tmoteur r\u00e9vis\u00e9\t\t\t\t\t\t\t\t<\/div>\n\t\t\t\t\t\t\t\t\t\t\t\t<\/div>\n\t\t\t\t\t\t\t\t\t<\/a>\n\t\t\t\t\t\t\t<a class=\"e-gallery-item elementor-gallery-item elementor-animated-content\" data-e-gallery-tags=\"1\" href=\"https:\/\/www.ets-lescure.fr\/wp-content\/uploads\/2022\/09\/DSC9176-scaled.jpg\" data-elementor-open-lightbox=\"yes\" data-elementor-lightbox-slideshow=\"7f56c5a\" data-e-action-hash=\"#elementor-action%3Aaction%3Dlightbox%26settings%3DeyJpZCI6MTAzNCwidXJsIjoiaHR0cHM6XC9cL3d3dy5ldHMtbGVzY3VyZS5mclwvd3AtY29udGVudFwvdXBsb2Fkc1wvMjAyMlwvMDlcL0RTQzkxNzYtc2NhbGVkLmpwZyIsInNsaWRlc2hvdyI6IjdmNTZjNWEifQ%3D%3D\">\n\t\t\t\t\t<div class=\"e-gallery-image elementor-gallery-item__image\" data-thumbnail=\"https:\/\/www.ets-lescure.fr\/wp-content\/uploads\/2022\/09\/DSC9176-930x620.jpg\" data-width=\"930\" data-height=\"620\" aria-label=\"\" role=\"img\" ><\/div>\n\t\t\t\t\t\t\t\t\t\t\t<div class=\"elementor-gallery-item__overlay\"><\/div>\n\t\t\t\t\t\t\t\t\t\t\t\t\t\t\t<div class=\"elementor-gallery-item__content\">\n\t\t\t\t\t\t\t\t\t\t\t\t\t\t<div class=\"elementor-gallery-item__title\">\n\t\t\t\t\t\t\t\t\t\t\t\t\t\t\t\t\t\t_DSC9176\t\t\t\t\t\t\t\t<\/div>\n\t\t\t\t\t\t\t\t\t\t\t\t<\/div>\n\t\t\t\t\t\t\t\t\t<\/a>\n\t\t\t\t\t\t\t<a class=\"e-gallery-item elementor-gallery-item elementor-animated-content\" data-e-gallery-tags=\"1\" href=\"https:\/\/www.ets-lescure.fr\/wp-content\/uploads\/2022\/09\/DSCF0514-scaled.jpg\" data-elementor-open-lightbox=\"yes\" data-elementor-lightbox-slideshow=\"7f56c5a\" data-e-action-hash=\"#elementor-action%3Aaction%3Dlightbox%26settings%3DeyJpZCI6MTAzMywidXJsIjoiaHR0cHM6XC9cL3d3dy5ldHMtbGVzY3VyZS5mclwvd3AtY29udGVudFwvdXBsb2Fkc1wvMjAyMlwvMDlcL0RTQ0YwNTE0LXNjYWxlZC5qcGciLCJzbGlkZXNob3ciOiI3ZjU2YzVhIn0%3D\">\n\t\t\t\t\t<div class=\"e-gallery-image elementor-gallery-item__image\" data-thumbnail=\"https:\/\/www.ets-lescure.fr\/wp-content\/uploads\/2022\/09\/DSCF0514-930x620.jpg\" data-width=\"930\" data-height=\"620\" aria-label=\"\" role=\"img\" ><\/div>\n\t\t\t\t\t\t\t\t\t\t\t<div class=\"elementor-gallery-item__overlay\"><\/div>\n\t\t\t\t\t\t\t\t\t\t\t\t\t\t\t<div class=\"elementor-gallery-item__content\">\n\t\t\t\t\t\t\t\t\t\t\t\t\t\t<div class=\"elementor-gallery-item__title\">\n\t\t\t\t\t\t\t\t\t\t\t\t\t\t\t\t\t\tDSCF0514\t\t\t\t\t\t\t\t<\/div>\n\t\t\t\t\t\t\t\t\t\t\t\t<\/div>\n\t\t\t\t\t\t\t\t\t<\/a>\n\t\t\t\t\t\t\t<a class=\"e-gallery-item elementor-gallery-item elementor-animated-content\" data-e-gallery-tags=\"1\" href=\"https:\/\/www.ets-lescure.fr\/wp-content\/uploads\/2024\/06\/ligneuse-laser.jpg\" data-elementor-open-lightbox=\"yes\" data-elementor-lightbox-slideshow=\"7f56c5a\" data-e-action-hash=\"#elementor-action%3Aaction%3Dlightbox%26settings%3DeyJpZCI6MTkzNywidXJsIjoiaHR0cHM6XC9cL3d3dy5ldHMtbGVzY3VyZS5mclwvd3AtY29udGVudFwvdXBsb2Fkc1wvMjAyNFwvMDZcL2xpZ25ldXNlLWxhc2VyLmpwZyIsInNsaWRlc2hvdyI6IjdmNTZjNWEifQ%3D%3D\">\n\t\t\t\t\t<div class=\"e-gallery-image elementor-gallery-item__image\" data-thumbnail=\"https:\/\/www.ets-lescure.fr\/wp-content\/uploads\/2024\/06\/ligneuse-laser.jpg\" data-width=\"640\" data-height=\"480\" aria-label=\"\" role=\"img\" ><\/div>\n\t\t\t\t\t\t\t\t\t\t\t<div class=\"elementor-gallery-item__overlay\"><\/div>\n\t\t\t\t\t\t\t\t\t\t\t\t\t\t\t<div class=\"elementor-gallery-item__content\">\n\t\t\t\t\t\t\t\t\t\t\t\t\t\t<div class=\"elementor-gallery-item__title\">\n\t\t\t\t\t\t\t\t\t\t\t\t\t\t\t\t\t\tligneuse laser\t\t\t\t\t\t\t\t<\/div>\n\t\t\t\t\t\t\t\t\t\t\t\t<\/div>\n\t\t\t\t\t\t\t\t\t<\/a>\n\t\t\t\t\t\t\t<a class=\"e-gallery-item elementor-gallery-item elementor-animated-content\" data-e-gallery-tags=\"1\" href=\"https:\/\/www.ets-lescure.fr\/wp-content\/uploads\/2024\/06\/ligneuse-laser-2.jpg\" data-elementor-open-lightbox=\"yes\" data-elementor-lightbox-slideshow=\"7f56c5a\" data-e-action-hash=\"#elementor-action%3Aaction%3Dlightbox%26settings%3DeyJpZCI6MTkzOCwidXJsIjoiaHR0cHM6XC9cL3d3dy5ldHMtbGVzY3VyZS5mclwvd3AtY29udGVudFwvdXBsb2Fkc1wvMjAyNFwvMDZcL2xpZ25ldXNlLWxhc2VyLTIuanBnIiwic2xpZGVzaG93IjoiN2Y1NmM1YSJ9\">\n\t\t\t\t\t<div class=\"e-gallery-image elementor-gallery-item__image\" data-thumbnail=\"https:\/\/www.ets-lescure.fr\/wp-content\/uploads\/2024\/06\/ligneuse-laser-2-480x620.jpg\" data-width=\"480\" data-height=\"620\" aria-label=\"\" role=\"img\" ><\/div>\n\t\t\t\t\t\t\t\t\t\t\t<div class=\"elementor-gallery-item__overlay\"><\/div>\n\t\t\t\t\t\t\t\t\t\t\t\t\t\t\t<div class=\"elementor-gallery-item__content\">\n\t\t\t\t\t\t\t\t\t\t\t\t\t\t<div class=\"elementor-gallery-item__title\">\n\t\t\t\t\t\t\t\t\t\t\t\t\t\t\t\t\t\tligneuse laser (2)\t\t\t\t\t\t\t\t<\/div>\n\t\t\t\t\t\t\t\t\t\t\t\t<\/div>\n\t\t\t\t\t\t\t\t\t<\/a>\n\t\t\t\t\t<\/div>\n\t\t\t\t\t<\/div>\n\t\t\t\t<\/div>\n\t\t\t\t\t<\/div>\n\t\t<\/div>\n\t\t\t\t<div class=\"elementor-column elementor-col-33 elementor-top-column elementor-element elementor-element-fea4234\" data-id=\"fea4234\" data-element_type=\"column\" data-e-type=\"column\">\n\t\t\t<div class=\"elementor-widget-wrap\">\n\t\t\t\t\t\t\t<\/div>\n\t\t<\/div>\n\t\t\t\t\t<\/div>\n\t\t<\/section>\n\t\t\t\t<section class=\"elementor-section elementor-top-section elementor-element elementor-element-c2be92b elementor-section-boxed elementor-section-height-default elementor-section-height-default\" data-id=\"c2be92b\" data-element_type=\"section\" data-e-type=\"section\">\n\t\t\t\t\t\t\t<div class=\"elementor-background-overlay\"><\/div>\n\t\t\t\t\t\t\t<div class=\"elementor-container elementor-column-gap-default\">\n\t\t\t\t\t<div class=\"elementor-column elementor-col-100 elementor-top-column elementor-element elementor-element-3ebba5d\" data-id=\"3ebba5d\" data-element_type=\"column\" data-e-type=\"column\">\n\t\t\t<div class=\"elementor-widget-wrap elementor-element-populated\">\n\t\t\t\t\t\t<div class=\"elementor-element elementor-element-749f322 elementor-widget elementor-widget-spacer\" data-id=\"749f322\" data-element_type=\"widget\" data-e-type=\"widget\" data-widget_type=\"spacer.default\">\n\t\t\t\t<div class=\"elementor-widget-container\">\n\t\t\t\t\t\t\t<div class=\"elementor-spacer\">\n\t\t\t<div class=\"elementor-spacer-inner\"><\/div>\n\t\t<\/div>\n\t\t\t\t\t\t<\/div>\n\t\t\t\t<\/div>\n\t\t\t\t\t<\/div>\n\t\t<\/div>\n\t\t\t\t\t<\/div>\n\t\t<\/section>\n\t\t\t\t<\/div>\n\t\t","protected":false},"excerpt":{"rendered":"<p>Quelques exemple de Nos r\u00e9alisations Moteurs Outillages bobinage lescure 029 IMG_2202 moteur r\u00e9vis\u00e9 _DSC9176 DSCF0514 ligneuse laser ligneuse laser (2)<\/p>\n","protected":false},"author":1,"featured_media":398,"parent":0,"menu_order":0,"comment_status":"closed","ping_status":"closed","template":"elementor_canvas","meta":{"neve_meta_sidebar":"","neve_meta_container":"","neve_meta_enable_content_width":"","neve_meta_content_width":0,"neve_meta_title_alignment":"","neve_meta_author_avatar":"","neve_post_elements_order":"","neve_meta_disable_header":"","neve_meta_disable_footer":"","neve_meta_disable_title":"","footnotes":""},"class_list":["post-1174","page","type-page","status-publish","has-post-thumbnail","hentry"],"yoast_head":"<!-- This site is optimized with the Yoast SEO plugin v27.4 - https:\/\/yoast.com\/product\/yoast-seo-wordpress\/ -->\n<title>Galerie photo - Etablissement Lescure<\/title>\n<meta name=\"robots\" content=\"index, follow, max-snippet:-1, max-image-preview:large, max-video-preview:-1\" \/>\n<link rel=\"canonical\" href=\"https:\/\/www.ets-lescure.fr\/index.php\/galerie-photo\/\" \/>\n<meta property=\"og:locale\" content=\"fr_FR\" \/>\n<meta property=\"og:type\" content=\"article\" \/>\n<meta property=\"og:title\" content=\"Galerie photo - Etablissement Lescure\" \/>\n<meta property=\"og:description\" content=\"Quelques exemple de Nos r\u00e9alisations Moteurs Outillages bobinage lescure 029 IMG_2202 moteur r\u00e9vis\u00e9 _DSC9176 DSCF0514 ligneuse laser ligneuse laser (2)\" \/>\n<meta property=\"og:url\" content=\"https:\/\/www.ets-lescure.fr\/index.php\/galerie-photo\/\" \/>\n<meta property=\"og:site_name\" content=\"Etablissement Lescure\" \/>\n<meta property=\"article:modified_time\" content=\"2025-03-03T13:46:30+00:00\" \/>\n<meta property=\"og:image\" content=\"https:\/\/www.ets-lescure.fr\/wp-content\/uploads\/2022\/01\/scanmod5.jpg\" \/>\n\t<meta property=\"og:image:width\" content=\"596\" \/>\n\t<meta property=\"og:image:height\" content=\"637\" \/>\n\t<meta property=\"og:image:type\" content=\"image\/jpeg\" \/>\n<meta name=\"twitter:card\" content=\"summary_large_image\" \/>\n<meta name=\"twitter:label1\" content=\"Dur\u00e9e de lecture estim\u00e9e\" \/>\n\t<meta name=\"twitter:data1\" content=\"1 minute\" \/>\n<script type=\"application\/ld+json\" class=\"yoast-schema-graph\">{\"@context\":\"https:\\\/\\\/schema.org\",\"@graph\":[{\"@type\":\"WebPage\",\"@id\":\"https:\\\/\\\/www.ets-lescure.fr\\\/index.php\\\/galerie-photo\\\/\",\"url\":\"https:\\\/\\\/www.ets-lescure.fr\\\/index.php\\\/galerie-photo\\\/\",\"name\":\"Galerie photo - Etablissement Lescure\",\"isPartOf\":{\"@id\":\"https:\\\/\\\/www.ets-lescure.fr\\\/#website\"},\"primaryImageOfPage\":{\"@id\":\"https:\\\/\\\/www.ets-lescure.fr\\\/index.php\\\/galerie-photo\\\/#primaryimage\"},\"image\":{\"@id\":\"https:\\\/\\\/www.ets-lescure.fr\\\/index.php\\\/galerie-photo\\\/#primaryimage\"},\"thumbnailUrl\":\"https:\\\/\\\/www.ets-lescure.fr\\\/wp-content\\\/uploads\\\/2022\\\/01\\\/scanmod5.jpg\",\"datePublished\":\"2022-09-15T05:10:21+00:00\",\"dateModified\":\"2025-03-03T13:46:30+00:00\",\"breadcrumb\":{\"@id\":\"https:\\\/\\\/www.ets-lescure.fr\\\/index.php\\\/galerie-photo\\\/#breadcrumb\"},\"inLanguage\":\"fr-FR\",\"potentialAction\":[{\"@type\":\"ReadAction\",\"target\":[\"https:\\\/\\\/www.ets-lescure.fr\\\/index.php\\\/galerie-photo\\\/\"]}]},{\"@type\":\"ImageObject\",\"inLanguage\":\"fr-FR\",\"@id\":\"https:\\\/\\\/www.ets-lescure.fr\\\/index.php\\\/galerie-photo\\\/#primaryimage\",\"url\":\"https:\\\/\\\/www.ets-lescure.fr\\\/wp-content\\\/uploads\\\/2022\\\/01\\\/scanmod5.jpg\",\"contentUrl\":\"https:\\\/\\\/www.ets-lescure.fr\\\/wp-content\\\/uploads\\\/2022\\\/01\\\/scanmod5.jpg\",\"width\":596,\"height\":637},{\"@type\":\"BreadcrumbList\",\"@id\":\"https:\\\/\\\/www.ets-lescure.fr\\\/index.php\\\/galerie-photo\\\/#breadcrumb\",\"itemListElement\":[{\"@type\":\"ListItem\",\"position\":1,\"name\":\"Home\",\"item\":\"https:\\\/\\\/www.ets-lescure.fr\\\/\"},{\"@type\":\"ListItem\",\"position\":2,\"name\":\"Galerie photo\"}]},{\"@type\":\"WebSite\",\"@id\":\"https:\\\/\\\/www.ets-lescure.fr\\\/#website\",\"url\":\"https:\\\/\\\/www.ets-lescure.fr\\\/\",\"name\":\"Etablissement Lescure\",\"description\":\"Etablissement Lescure \u00e0 CUSSET\",\"publisher\":{\"@id\":\"https:\\\/\\\/www.ets-lescure.fr\\\/#organization\"},\"potentialAction\":[{\"@type\":\"SearchAction\",\"target\":{\"@type\":\"EntryPoint\",\"urlTemplate\":\"https:\\\/\\\/www.ets-lescure.fr\\\/?s={search_term_string}\"},\"query-input\":{\"@type\":\"PropertyValueSpecification\",\"valueRequired\":true,\"valueName\":\"search_term_string\"}}],\"inLanguage\":\"fr-FR\"},{\"@type\":\"Organization\",\"@id\":\"https:\\\/\\\/www.ets-lescure.fr\\\/#organization\",\"name\":\"Etablissement Lescure\",\"url\":\"https:\\\/\\\/www.ets-lescure.fr\\\/\",\"logo\":{\"@type\":\"ImageObject\",\"inLanguage\":\"fr-FR\",\"@id\":\"https:\\\/\\\/www.ets-lescure.fr\\\/#\\\/schema\\\/logo\\\/image\\\/\",\"url\":\"https:\\\/\\\/www.ets-lescure.fr\\\/wp-content\\\/uploads\\\/2022\\\/01\\\/logo-site-1.png\",\"contentUrl\":\"https:\\\/\\\/www.ets-lescure.fr\\\/wp-content\\\/uploads\\\/2022\\\/01\\\/logo-site-1.png\",\"width\":561,\"height\":131,\"caption\":\"Etablissement Lescure\"},\"image\":{\"@id\":\"https:\\\/\\\/www.ets-lescure.fr\\\/#\\\/schema\\\/logo\\\/image\\\/\"}}]}<\/script>\n<!-- \/ Yoast SEO plugin. -->","yoast_head_json":{"title":"Galerie photo - Etablissement Lescure","robots":{"index":"index","follow":"follow","max-snippet":"max-snippet:-1","max-image-preview":"max-image-preview:large","max-video-preview":"max-video-preview:-1"},"canonical":"https:\/\/www.ets-lescure.fr\/index.php\/galerie-photo\/","og_locale":"fr_FR","og_type":"article","og_title":"Galerie photo - Etablissement Lescure","og_description":"Quelques exemple de Nos r\u00e9alisations Moteurs Outillages bobinage lescure 029 IMG_2202 moteur r\u00e9vis\u00e9 _DSC9176 DSCF0514 ligneuse laser ligneuse laser (2)","og_url":"https:\/\/www.ets-lescure.fr\/index.php\/galerie-photo\/","og_site_name":"Etablissement Lescure","article_modified_time":"2025-03-03T13:46:30+00:00","og_image":[{"width":596,"height":637,"url":"https:\/\/www.ets-lescure.fr\/wp-content\/uploads\/2022\/01\/scanmod5.jpg","type":"image\/jpeg"}],"twitter_card":"summary_large_image","twitter_misc":{"Dur\u00e9e de lecture estim\u00e9e":"1 minute"},"schema":{"@context":"https:\/\/schema.org","@graph":[{"@type":"WebPage","@id":"https:\/\/www.ets-lescure.fr\/index.php\/galerie-photo\/","url":"https:\/\/www.ets-lescure.fr\/index.php\/galerie-photo\/","name":"Galerie photo - Etablissement Lescure","isPartOf":{"@id":"https:\/\/www.ets-lescure.fr\/#website"},"primaryImageOfPage":{"@id":"https:\/\/www.ets-lescure.fr\/index.php\/galerie-photo\/#primaryimage"},"image":{"@id":"https:\/\/www.ets-lescure.fr\/index.php\/galerie-photo\/#primaryimage"},"thumbnailUrl":"https:\/\/www.ets-lescure.fr\/wp-content\/uploads\/2022\/01\/scanmod5.jpg","datePublished":"2022-09-15T05:10:21+00:00","dateModified":"2025-03-03T13:46:30+00:00","breadcrumb":{"@id":"https:\/\/www.ets-lescure.fr\/index.php\/galerie-photo\/#breadcrumb"},"inLanguage":"fr-FR","potentialAction":[{"@type":"ReadAction","target":["https:\/\/www.ets-lescure.fr\/index.php\/galerie-photo\/"]}]},{"@type":"ImageObject","inLanguage":"fr-FR","@id":"https:\/\/www.ets-lescure.fr\/index.php\/galerie-photo\/#primaryimage","url":"https:\/\/www.ets-lescure.fr\/wp-content\/uploads\/2022\/01\/scanmod5.jpg","contentUrl":"https:\/\/www.ets-lescure.fr\/wp-content\/uploads\/2022\/01\/scanmod5.jpg","width":596,"height":637},{"@type":"BreadcrumbList","@id":"https:\/\/www.ets-lescure.fr\/index.php\/galerie-photo\/#breadcrumb","itemListElement":[{"@type":"ListItem","position":1,"name":"Home","item":"https:\/\/www.ets-lescure.fr\/"},{"@type":"ListItem","position":2,"name":"Galerie photo"}]},{"@type":"WebSite","@id":"https:\/\/www.ets-lescure.fr\/#website","url":"https:\/\/www.ets-lescure.fr\/","name":"Etablissement Lescure","description":"Etablissement Lescure \u00e0 CUSSET","publisher":{"@id":"https:\/\/www.ets-lescure.fr\/#organization"},"potentialAction":[{"@type":"SearchAction","target":{"@type":"EntryPoint","urlTemplate":"https:\/\/www.ets-lescure.fr\/?s={search_term_string}"},"query-input":{"@type":"PropertyValueSpecification","valueRequired":true,"valueName":"search_term_string"}}],"inLanguage":"fr-FR"},{"@type":"Organization","@id":"https:\/\/www.ets-lescure.fr\/#organization","name":"Etablissement Lescure","url":"https:\/\/www.ets-lescure.fr\/","logo":{"@type":"ImageObject","inLanguage":"fr-FR","@id":"https:\/\/www.ets-lescure.fr\/#\/schema\/logo\/image\/","url":"https:\/\/www.ets-lescure.fr\/wp-content\/uploads\/2022\/01\/logo-site-1.png","contentUrl":"https:\/\/www.ets-lescure.fr\/wp-content\/uploads\/2022\/01\/logo-site-1.png","width":561,"height":131,"caption":"Etablissement Lescure"},"image":{"@id":"https:\/\/www.ets-lescure.fr\/#\/schema\/logo\/image\/"}}]}},"jetpack_sharing_enabled":true,"_links":{"self":[{"href":"https:\/\/www.ets-lescure.fr\/index.php\/wp-json\/wp\/v2\/pages\/1174","targetHints":{"allow":["GET"]}}],"collection":[{"href":"https:\/\/www.ets-lescure.fr\/index.php\/wp-json\/wp\/v2\/pages"}],"about":[{"href":"https:\/\/www.ets-lescure.fr\/index.php\/wp-json\/wp\/v2\/types\/page"}],"author":[{"embeddable":true,"href":"https:\/\/www.ets-lescure.fr\/index.php\/wp-json\/wp\/v2\/users\/1"}],"replies":[{"embeddable":true,"href":"https:\/\/www.ets-lescure.fr\/index.php\/wp-json\/wp\/v2\/comments?post=1174"}],"version-history":[{"count":52,"href":"https:\/\/www.ets-lescure.fr\/index.php\/wp-json\/wp\/v2\/pages\/1174\/revisions"}],"predecessor-version":[{"id":2146,"href":"https:\/\/www.ets-lescure.fr\/index.php\/wp-json\/wp\/v2\/pages\/1174\/revisions\/2146"}],"wp:featuredmedia":[{"embeddable":true,"href":"https:\/\/www.ets-lescure.fr\/index.php\/wp-json\/wp\/v2\/media\/398"}],"wp:attachment":[{"href":"https:\/\/www.ets-lescure.fr\/index.php\/wp-json\/wp\/v2\/media?parent=1174"}],"curies":[{"name":"wp","href":"https:\/\/api.w.org\/{rel}","templated":true}]}}