{"id":1001,"date":"2022-09-15T05:29:10","date_gmt":"2022-09-15T03:29:10","guid":{"rendered":"http:\/\/ets-lescure.fr\/?page_id=1001"},"modified":"2025-03-03T14:09:26","modified_gmt":"2025-03-03T13:09:26","slug":"rebobinages-moteurs","status":"publish","type":"page","link":"https:\/\/www.ets-lescure.fr\/index.php\/rebobinages-moteurs\/","title":{"rendered":"Rebobinages Moteurs et Pompes"},"content":{"rendered":"\t\t<div data-elementor-type=\"wp-page\" data-elementor-id=\"1001\" class=\"elementor elementor-1001\" data-elementor-post-type=\"page\">\n\t\t\t\t\t\t<section class=\"elementor-section elementor-top-section elementor-element elementor-element-b62d35e elementor-section-height-min-height elementor-section-boxed elementor-section-height-default elementor-section-items-middle\" data-id=\"b62d35e\" data-element_type=\"section\" data-e-type=\"section\" data-settings=\"{&quot;background_background&quot;:&quot;classic&quot;}\">\n\t\t\t\t\t\t\t<div class=\"elementor-background-overlay\"><\/div>\n\t\t\t\t\t\t\t<div class=\"elementor-container elementor-column-gap-extended\">\n\t\t\t\t\t<div class=\"elementor-column elementor-col-66 elementor-top-column elementor-element elementor-element-81320b7\" data-id=\"81320b7\" data-element_type=\"column\" data-e-type=\"column\">\n\t\t\t<div class=\"elementor-widget-wrap elementor-element-populated\">\n\t\t\t\t\t\t<div class=\"elementor-element elementor-element-860d5ed elementor-headline--style-highlight elementor-invisible elementor-widget elementor-widget-animated-headline\" data-id=\"860d5ed\" data-element_type=\"widget\" data-e-type=\"widget\" data-settings=\"{&quot;marker&quot;:&quot;double_underline&quot;,&quot;highlighted_text&quot;:&quot;Rebobinages moteurs et pompes&quot;,&quot;_animation&quot;:&quot;fadeInLeft&quot;,&quot;headline_style&quot;:&quot;highlight&quot;,&quot;loop&quot;:&quot;yes&quot;,&quot;highlight_animation_duration&quot;:1200,&quot;highlight_iteration_delay&quot;:8000}\" data-widget_type=\"animated-headline.default\">\n\t\t\t\t<div class=\"elementor-widget-container\">\n\t\t\t\t\t\t\t<div class=\"elementor-headline\">\n\t\t\t\t<span class=\"elementor-headline-dynamic-wrapper elementor-headline-text-wrapper\">\n\t\t\t\t\t<span class=\"elementor-headline-dynamic-text elementor-headline-text-active\">Rebobinages moteurs et pompes<\/span>\n\t\t\t\t<\/span>\n\t\t\t\t<\/div>\n\t\t\t\t\t\t<\/div>\n\t\t\t\t<\/div>\n\t\t\t\t<div class=\"elementor-element elementor-element-e6ba40d elementor-invisible elementor-widget elementor-widget-text-editor\" data-id=\"e6ba40d\" data-element_type=\"widget\" data-e-type=\"widget\" data-settings=\"{&quot;_animation&quot;:&quot;fadeInRight&quot;}\" data-widget_type=\"text-editor.default\">\n\t\t\t\t<div class=\"elementor-widget-container\">\n\t\t\t\t\t\t\t\t\t<p>Nos techniciens qualifi\u00e9s sont capables de rebobiner des moteurs \u00e9lectriques asynchrones basse tension et courant continu jusqu&rsquo;\u00e0 355 KW. Vous pouvez nous confier vos moteurs, pompes, motor\u00e9ducteurs, nous prendrons en consid\u00e9ration vos exigences de production et de d\u00e9lai. Nous apporterons un service d&rsquo;exception dans notre domaine d&rsquo;activit\u00e9.<\/p><p>Nous disposons pour r\u00e9aliser un travail de qualit\u00e9 de\u00a0:<\/p><ul><li>Four \u00e0 d\u00e9bobiner<\/li><li>2 \u00e9tuves<\/li><li>Cabine \u00e0 peinture<\/li><li>Bac de trempage<\/li><li>Banc d&rsquo;essai<\/li><li>Plate forme d&rsquo;essais jusqu&rsquo;\u00e0 355 KW<\/li><li>Pont roulant allant jusqu&rsquo;\u00e0 3.0 T<\/li><li>Equilibreuse en atelier (jusqu&rsquo;\u00e0 1.5 T et 2 m\u00e8tre de diam\u00e8tre)<\/li><li>Trois Techniciens qualifi\u00e9s et un apprenti en cours de formation.<\/li><\/ul>\t\t\t\t\t\t\t\t<\/div>\n\t\t\t\t<\/div>\n\t\t\t\t\t<\/div>\n\t\t<\/div>\n\t\t\t\t<div class=\"elementor-column elementor-col-33 elementor-top-column elementor-element elementor-element-fea4234\" data-id=\"fea4234\" data-element_type=\"column\" data-e-type=\"column\">\n\t\t\t<div class=\"elementor-widget-wrap\">\n\t\t\t\t\t\t\t<\/div>\n\t\t<\/div>\n\t\t\t\t\t<\/div>\n\t\t<\/section>\n\t\t\t\t<section class=\"elementor-section elementor-top-section elementor-element elementor-element-c2be92b elementor-section-boxed elementor-section-height-default elementor-section-height-default\" data-id=\"c2be92b\" data-element_type=\"section\" data-e-type=\"section\">\n\t\t\t\t\t\t\t<div class=\"elementor-background-overlay\"><\/div>\n\t\t\t\t\t\t\t<div class=\"elementor-container elementor-column-gap-default\">\n\t\t\t\t\t<div class=\"elementor-column elementor-col-100 elementor-top-column elementor-element elementor-element-3ebba5d\" data-id=\"3ebba5d\" data-element_type=\"column\" data-e-type=\"column\">\n\t\t\t<div class=\"elementor-widget-wrap elementor-element-populated\">\n\t\t\t\t\t\t<div class=\"elementor-element elementor-element-d2becb7 elementor-arrows-position-inside elementor-invisible elementor-widget elementor-widget-image-carousel\" data-id=\"d2becb7\" data-element_type=\"widget\" data-e-type=\"widget\" data-settings=\"{&quot;slides_to_show&quot;:&quot;1&quot;,&quot;_animation&quot;:&quot;fadeInLeft&quot;,&quot;navigation&quot;:&quot;arrows&quot;,&quot;autoplay&quot;:&quot;yes&quot;,&quot;pause_on_hover&quot;:&quot;yes&quot;,&quot;pause_on_interaction&quot;:&quot;yes&quot;,&quot;autoplay_speed&quot;:5000,&quot;infinite&quot;:&quot;yes&quot;,&quot;effect&quot;:&quot;slide&quot;,&quot;speed&quot;:500}\" data-widget_type=\"image-carousel.default\">\n\t\t\t\t<div class=\"elementor-widget-container\">\n\t\t\t\t\t\t\t<div class=\"elementor-image-carousel-wrapper swiper\" role=\"region\" aria-roledescription=\"carousel\" aria-label=\"Carrousel d\u2019images\" dir=\"ltr\">\n\t\t\t<div class=\"elementor-image-carousel swiper-wrapper\" aria-live=\"off\">\n\t\t\t\t\t\t\t\t<div class=\"swiper-slide\" role=\"group\" aria-roledescription=\"slide\" aria-label=\"1 sur 4\"><figure class=\"swiper-slide-inner\"><img decoding=\"async\" class=\"swiper-slide-image\" src=\"https:\/\/www.ets-lescure.fr\/wp-content\/uploads\/elementor\/thumbs\/photos-jean-claude-vacheron-058-pjfkcntzx400wczcj2wirzoanl0xnwosjmofish8js.jpg\" alt=\"photos jean claude vacheron 058\" \/><\/figure><\/div><div class=\"swiper-slide\" role=\"group\" aria-roledescription=\"slide\" aria-label=\"2 sur 4\"><figure class=\"swiper-slide-inner\"><img decoding=\"async\" class=\"swiper-slide-image\" src=\"https:\/\/www.ets-lescure.fr\/wp-content\/uploads\/elementor\/thumbs\/20140403_134326-scaled-pjfjfonu5cuvkuvs3bqpst94dxkcm6rt0eq6ebdgug.jpg\" alt=\"20140403_134326\" \/><\/figure><\/div><div class=\"swiper-slide\" role=\"group\" aria-roledescription=\"slide\" aria-label=\"3 sur 4\"><figure class=\"swiper-slide-inner\"><img decoding=\"async\" class=\"swiper-slide-image\" src=\"https:\/\/www.ets-lescure.fr\/wp-content\/uploads\/elementor\/thumbs\/IMG_1146-1-scaled-pjfkc35jqr7psxtdvtyq94w5l3uuykep4sbqypbwco.jpg\" alt=\"IMG_1146\" \/><\/figure><\/div><div class=\"swiper-slide\" role=\"group\" aria-roledescription=\"slide\" aria-label=\"4 sur 4\"><figure class=\"swiper-slide-inner\"><img decoding=\"async\" class=\"swiper-slide-image\" src=\"https:\/\/www.ets-lescure.fr\/wp-content\/uploads\/elementor\/thumbs\/DSC9180-scaled-plwccypk31ek6xa7jat46fmbqx5ocv8dng9xincp6w.jpg\" alt=\"_DSC9180\" \/><\/figure><\/div>\t\t\t<\/div>\n\t\t\t\t\t\t\t\t\t\t\t\t<div class=\"elementor-swiper-button elementor-swiper-button-prev\" role=\"button\" tabindex=\"0\">\n\t\t\t\t\t\t<i aria-hidden=\"true\" class=\"eicon-chevron-left\"><\/i>\t\t\t\t\t<\/div>\n\t\t\t\t\t<div class=\"elementor-swiper-button elementor-swiper-button-next\" role=\"button\" tabindex=\"0\">\n\t\t\t\t\t\t<i aria-hidden=\"true\" class=\"eicon-chevron-right\"><\/i>\t\t\t\t\t<\/div>\n\t\t\t\t\n\t\t\t\t\t\t\t\t\t<\/div>\n\t\t\t\t\t\t<\/div>\n\t\t\t\t<\/div>\n\t\t\t\t<div class=\"elementor-element elementor-element-02efd99 elementor-widget elementor-widget-spacer\" data-id=\"02efd99\" data-element_type=\"widget\" data-e-type=\"widget\" data-widget_type=\"spacer.default\">\n\t\t\t\t<div class=\"elementor-widget-container\">\n\t\t\t\t\t\t\t<div class=\"elementor-spacer\">\n\t\t\t<div class=\"elementor-spacer-inner\"><\/div>\n\t\t<\/div>\n\t\t\t\t\t\t<\/div>\n\t\t\t\t<\/div>\n\t\t\t\t\t<\/div>\n\t\t<\/div>\n\t\t\t\t\t<\/div>\n\t\t<\/section>\n\t\t\t\t<\/div>\n\t\t","protected":false},"excerpt":{"rendered":"<p>Rebobinages moteurs et pompes Nos techniciens qualifi\u00e9s sont capables de rebobiner des moteurs \u00e9lectriques asynchrones basse tension et courant continu jusqu&rsquo;\u00e0 355 KW. Vous pouvez nous confier vos moteurs, pompes, motor\u00e9ducteurs, nous prendrons en consid\u00e9ration vos exigences de production et de d\u00e9lai. Nous apporterons un service d&rsquo;exception dans notre domaine d&rsquo;activit\u00e9. Nous disposons pour r\u00e9aliser&hellip;&nbsp;<\/p>\n","protected":false},"author":1,"featured_media":398,"parent":0,"menu_order":0,"comment_status":"closed","ping_status":"closed","template":"elementor_canvas","meta":{"neve_meta_sidebar":"","neve_meta_container":"","neve_meta_enable_content_width":"","neve_meta_content_width":0,"neve_meta_title_alignment":"","neve_meta_author_avatar":"","neve_post_elements_order":"","neve_meta_disable_header":"","neve_meta_disable_footer":"","neve_meta_disable_title":"","footnotes":""},"class_list":["post-1001","page","type-page","status-publish","has-post-thumbnail","hentry"],"yoast_head":"<!-- This site is optimized with the Yoast SEO plugin v27.5 - https:\/\/yoast.com\/product\/yoast-seo-wordpress\/ -->\n<title>Rebobinages Moteurs et Pompes - Etablissement Lescure<\/title>\n<meta name=\"robots\" content=\"index, follow, max-snippet:-1, max-image-preview:large, max-video-preview:-1\" \/>\n<link rel=\"canonical\" href=\"https:\/\/www.ets-lescure.fr\/index.php\/rebobinages-moteurs\/\" \/>\n<meta property=\"og:locale\" content=\"fr_FR\" \/>\n<meta property=\"og:type\" content=\"article\" \/>\n<meta property=\"og:title\" content=\"Rebobinages Moteurs et Pompes - Etablissement Lescure\" \/>\n<meta property=\"og:description\" content=\"Rebobinages moteurs et pompes Nos techniciens qualifi\u00e9s sont capables de rebobiner des moteurs \u00e9lectriques asynchrones basse tension et courant continu jusqu&rsquo;\u00e0 355 KW. Vous pouvez nous confier vos moteurs, pompes, motor\u00e9ducteurs, nous prendrons en consid\u00e9ration vos exigences de production et de d\u00e9lai. Nous apporterons un service d&rsquo;exception dans notre domaine d&rsquo;activit\u00e9. Nous disposons pour r\u00e9aliser&hellip;&nbsp;\" \/>\n<meta property=\"og:url\" content=\"https:\/\/www.ets-lescure.fr\/index.php\/rebobinages-moteurs\/\" \/>\n<meta property=\"og:site_name\" content=\"Etablissement Lescure\" \/>\n<meta property=\"article:modified_time\" content=\"2025-03-03T13:09:26+00:00\" \/>\n<meta property=\"og:image\" content=\"https:\/\/www.ets-lescure.fr\/wp-content\/uploads\/2022\/01\/scanmod5.jpg\" \/>\n\t<meta property=\"og:image:width\" content=\"596\" \/>\n\t<meta property=\"og:image:height\" content=\"637\" \/>\n\t<meta property=\"og:image:type\" content=\"image\/jpeg\" \/>\n<meta name=\"twitter:card\" content=\"summary_large_image\" \/>\n<meta name=\"twitter:label1\" content=\"Dur\u00e9e de lecture estim\u00e9e\" \/>\n\t<meta name=\"twitter:data1\" content=\"1 minute\" \/>\n<script type=\"application\/ld+json\" class=\"yoast-schema-graph\">{\"@context\":\"https:\\\/\\\/schema.org\",\"@graph\":[{\"@type\":\"WebPage\",\"@id\":\"https:\\\/\\\/www.ets-lescure.fr\\\/index.php\\\/rebobinages-moteurs\\\/\",\"url\":\"https:\\\/\\\/www.ets-lescure.fr\\\/index.php\\\/rebobinages-moteurs\\\/\",\"name\":\"Rebobinages Moteurs et Pompes - Etablissement Lescure\",\"isPartOf\":{\"@id\":\"https:\\\/\\\/www.ets-lescure.fr\\\/#website\"},\"primaryImageOfPage\":{\"@id\":\"https:\\\/\\\/www.ets-lescure.fr\\\/index.php\\\/rebobinages-moteurs\\\/#primaryimage\"},\"image\":{\"@id\":\"https:\\\/\\\/www.ets-lescure.fr\\\/index.php\\\/rebobinages-moteurs\\\/#primaryimage\"},\"thumbnailUrl\":\"https:\\\/\\\/www.ets-lescure.fr\\\/wp-content\\\/uploads\\\/2022\\\/01\\\/scanmod5.jpg\",\"datePublished\":\"2022-09-15T03:29:10+00:00\",\"dateModified\":\"2025-03-03T13:09:26+00:00\",\"breadcrumb\":{\"@id\":\"https:\\\/\\\/www.ets-lescure.fr\\\/index.php\\\/rebobinages-moteurs\\\/#breadcrumb\"},\"inLanguage\":\"fr-FR\",\"potentialAction\":[{\"@type\":\"ReadAction\",\"target\":[\"https:\\\/\\\/www.ets-lescure.fr\\\/index.php\\\/rebobinages-moteurs\\\/\"]}]},{\"@type\":\"ImageObject\",\"inLanguage\":\"fr-FR\",\"@id\":\"https:\\\/\\\/www.ets-lescure.fr\\\/index.php\\\/rebobinages-moteurs\\\/#primaryimage\",\"url\":\"https:\\\/\\\/www.ets-lescure.fr\\\/wp-content\\\/uploads\\\/2022\\\/01\\\/scanmod5.jpg\",\"contentUrl\":\"https:\\\/\\\/www.ets-lescure.fr\\\/wp-content\\\/uploads\\\/2022\\\/01\\\/scanmod5.jpg\",\"width\":596,\"height\":637},{\"@type\":\"BreadcrumbList\",\"@id\":\"https:\\\/\\\/www.ets-lescure.fr\\\/index.php\\\/rebobinages-moteurs\\\/#breadcrumb\",\"itemListElement\":[{\"@type\":\"ListItem\",\"position\":1,\"name\":\"Home\",\"item\":\"https:\\\/\\\/www.ets-lescure.fr\\\/\"},{\"@type\":\"ListItem\",\"position\":2,\"name\":\"Rebobinages Moteurs et Pompes\"}]},{\"@type\":\"WebSite\",\"@id\":\"https:\\\/\\\/www.ets-lescure.fr\\\/#website\",\"url\":\"https:\\\/\\\/www.ets-lescure.fr\\\/\",\"name\":\"Etablissement Lescure\",\"description\":\"Etablissement Lescure \u00e0 CUSSET\",\"publisher\":{\"@id\":\"https:\\\/\\\/www.ets-lescure.fr\\\/#organization\"},\"potentialAction\":[{\"@type\":\"SearchAction\",\"target\":{\"@type\":\"EntryPoint\",\"urlTemplate\":\"https:\\\/\\\/www.ets-lescure.fr\\\/?s={search_term_string}\"},\"query-input\":{\"@type\":\"PropertyValueSpecification\",\"valueRequired\":true,\"valueName\":\"search_term_string\"}}],\"inLanguage\":\"fr-FR\"},{\"@type\":\"Organization\",\"@id\":\"https:\\\/\\\/www.ets-lescure.fr\\\/#organization\",\"name\":\"Etablissement Lescure\",\"url\":\"https:\\\/\\\/www.ets-lescure.fr\\\/\",\"logo\":{\"@type\":\"ImageObject\",\"inLanguage\":\"fr-FR\",\"@id\":\"https:\\\/\\\/www.ets-lescure.fr\\\/#\\\/schema\\\/logo\\\/image\\\/\",\"url\":\"https:\\\/\\\/www.ets-lescure.fr\\\/wp-content\\\/uploads\\\/2022\\\/01\\\/logo-site-1.png\",\"contentUrl\":\"https:\\\/\\\/www.ets-lescure.fr\\\/wp-content\\\/uploads\\\/2022\\\/01\\\/logo-site-1.png\",\"width\":561,\"height\":131,\"caption\":\"Etablissement Lescure\"},\"image\":{\"@id\":\"https:\\\/\\\/www.ets-lescure.fr\\\/#\\\/schema\\\/logo\\\/image\\\/\"}}]}<\/script>\n<!-- \/ Yoast SEO plugin. -->","yoast_head_json":{"title":"Rebobinages Moteurs et Pompes - Etablissement Lescure","robots":{"index":"index","follow":"follow","max-snippet":"max-snippet:-1","max-image-preview":"max-image-preview:large","max-video-preview":"max-video-preview:-1"},"canonical":"https:\/\/www.ets-lescure.fr\/index.php\/rebobinages-moteurs\/","og_locale":"fr_FR","og_type":"article","og_title":"Rebobinages Moteurs et Pompes - Etablissement Lescure","og_description":"Rebobinages moteurs et pompes Nos techniciens qualifi\u00e9s sont capables de rebobiner des moteurs \u00e9lectriques asynchrones basse tension et courant continu jusqu&rsquo;\u00e0 355 KW. Vous pouvez nous confier vos moteurs, pompes, motor\u00e9ducteurs, nous prendrons en consid\u00e9ration vos exigences de production et de d\u00e9lai. Nous apporterons un service d&rsquo;exception dans notre domaine d&rsquo;activit\u00e9. Nous disposons pour r\u00e9aliser&hellip;&nbsp;","og_url":"https:\/\/www.ets-lescure.fr\/index.php\/rebobinages-moteurs\/","og_site_name":"Etablissement Lescure","article_modified_time":"2025-03-03T13:09:26+00:00","og_image":[{"width":596,"height":637,"url":"https:\/\/www.ets-lescure.fr\/wp-content\/uploads\/2022\/01\/scanmod5.jpg","type":"image\/jpeg"}],"twitter_card":"summary_large_image","twitter_misc":{"Dur\u00e9e de lecture estim\u00e9e":"1 minute"},"schema":{"@context":"https:\/\/schema.org","@graph":[{"@type":"WebPage","@id":"https:\/\/www.ets-lescure.fr\/index.php\/rebobinages-moteurs\/","url":"https:\/\/www.ets-lescure.fr\/index.php\/rebobinages-moteurs\/","name":"Rebobinages Moteurs et Pompes - Etablissement Lescure","isPartOf":{"@id":"https:\/\/www.ets-lescure.fr\/#website"},"primaryImageOfPage":{"@id":"https:\/\/www.ets-lescure.fr\/index.php\/rebobinages-moteurs\/#primaryimage"},"image":{"@id":"https:\/\/www.ets-lescure.fr\/index.php\/rebobinages-moteurs\/#primaryimage"},"thumbnailUrl":"https:\/\/www.ets-lescure.fr\/wp-content\/uploads\/2022\/01\/scanmod5.jpg","datePublished":"2022-09-15T03:29:10+00:00","dateModified":"2025-03-03T13:09:26+00:00","breadcrumb":{"@id":"https:\/\/www.ets-lescure.fr\/index.php\/rebobinages-moteurs\/#breadcrumb"},"inLanguage":"fr-FR","potentialAction":[{"@type":"ReadAction","target":["https:\/\/www.ets-lescure.fr\/index.php\/rebobinages-moteurs\/"]}]},{"@type":"ImageObject","inLanguage":"fr-FR","@id":"https:\/\/www.ets-lescure.fr\/index.php\/rebobinages-moteurs\/#primaryimage","url":"https:\/\/www.ets-lescure.fr\/wp-content\/uploads\/2022\/01\/scanmod5.jpg","contentUrl":"https:\/\/www.ets-lescure.fr\/wp-content\/uploads\/2022\/01\/scanmod5.jpg","width":596,"height":637},{"@type":"BreadcrumbList","@id":"https:\/\/www.ets-lescure.fr\/index.php\/rebobinages-moteurs\/#breadcrumb","itemListElement":[{"@type":"ListItem","position":1,"name":"Home","item":"https:\/\/www.ets-lescure.fr\/"},{"@type":"ListItem","position":2,"name":"Rebobinages Moteurs et Pompes"}]},{"@type":"WebSite","@id":"https:\/\/www.ets-lescure.fr\/#website","url":"https:\/\/www.ets-lescure.fr\/","name":"Etablissement Lescure","description":"Etablissement Lescure \u00e0 CUSSET","publisher":{"@id":"https:\/\/www.ets-lescure.fr\/#organization"},"potentialAction":[{"@type":"SearchAction","target":{"@type":"EntryPoint","urlTemplate":"https:\/\/www.ets-lescure.fr\/?s={search_term_string}"},"query-input":{"@type":"PropertyValueSpecification","valueRequired":true,"valueName":"search_term_string"}}],"inLanguage":"fr-FR"},{"@type":"Organization","@id":"https:\/\/www.ets-lescure.fr\/#organization","name":"Etablissement Lescure","url":"https:\/\/www.ets-lescure.fr\/","logo":{"@type":"ImageObject","inLanguage":"fr-FR","@id":"https:\/\/www.ets-lescure.fr\/#\/schema\/logo\/image\/","url":"https:\/\/www.ets-lescure.fr\/wp-content\/uploads\/2022\/01\/logo-site-1.png","contentUrl":"https:\/\/www.ets-lescure.fr\/wp-content\/uploads\/2022\/01\/logo-site-1.png","width":561,"height":131,"caption":"Etablissement Lescure"},"image":{"@id":"https:\/\/www.ets-lescure.fr\/#\/schema\/logo\/image\/"}}]}},"jetpack_sharing_enabled":true,"_links":{"self":[{"href":"https:\/\/www.ets-lescure.fr\/index.php\/wp-json\/wp\/v2\/pages\/1001","targetHints":{"allow":["GET"]}}],"collection":[{"href":"https:\/\/www.ets-lescure.fr\/index.php\/wp-json\/wp\/v2\/pages"}],"about":[{"href":"https:\/\/www.ets-lescure.fr\/index.php\/wp-json\/wp\/v2\/types\/page"}],"author":[{"embeddable":true,"href":"https:\/\/www.ets-lescure.fr\/index.php\/wp-json\/wp\/v2\/users\/1"}],"replies":[{"embeddable":true,"href":"https:\/\/www.ets-lescure.fr\/index.php\/wp-json\/wp\/v2\/comments?post=1001"}],"version-history":[{"count":54,"href":"https:\/\/www.ets-lescure.fr\/index.php\/wp-json\/wp\/v2\/pages\/1001\/revisions"}],"predecessor-version":[{"id":2107,"href":"https:\/\/www.ets-lescure.fr\/index.php\/wp-json\/wp\/v2\/pages\/1001\/revisions\/2107"}],"wp:featuredmedia":[{"embeddable":true,"href":"https:\/\/www.ets-lescure.fr\/index.php\/wp-json\/wp\/v2\/media\/398"}],"wp:attachment":[{"href":"https:\/\/www.ets-lescure.fr\/index.php\/wp-json\/wp\/v2\/media?parent=1001"}],"curies":[{"name":"wp","href":"https:\/\/api.w.org\/{rel}","templated":true}]}}